{"id":7856,"date":"2024-08-14T08:53:11","date_gmt":"2024-08-14T04:23:11","guid":{"rendered":"https:\/\/www.oxusaf.org\/?page_id=7856"},"modified":"2024-08-14T08:53:47","modified_gmt":"2024-08-14T04:23:47","slug":"privacy-policy-2","status":"publish","type":"page","link":"https:\/\/www.oxusaf.org\/fr\/privacy-policy-2\/","title":{"rendered":"Politique de confidentialit\u00e9"},"content":{"rendered":"<div data-elementor-type=\"wp-page\" data-elementor-id=\"7856\" class=\"elementor elementor-7856\">\n\t\t\t\t<div class=\"has_eae_slider elementor-element elementor-element-6333005 e-flex e-con-boxed e-con e-parent\" data-eae-slider=\"12562\" data-id=\"6333005\" data-element_type=\"container\" data-e-type=\"container\">\n\t\t\t\t\t<div class=\"e-con-inner\">\n\t\t\t\t<div class=\"elementor-element elementor-element-3a7f2f2 elementor-widget elementor-widget-text-editor\" data-id=\"3a7f2f2\" data-element_type=\"widget\" data-e-type=\"widget\" data-widget_type=\"text-editor.default\">\n\t\t\t\t<div class=\"elementor-widget-container\">\n\t\t\t\t\t\t\t\t\t<p><strong><span style=\"color: #005837;\">Politique de confidentialit\u00e9<\/span><\/strong><\/p><p><strong>Date d'entr\u00e9e en vigueur : ao\u00fbt 2024\u00a0<\/strong><\/p><p><strong>Introduction<\/strong><\/p><p class=\"translation-block\">Bienvenue sur le site web d'OXUS Afghanistan. OXUS Afghanistan s'engage \u00e0 prot\u00e9ger la vie priv\u00e9e et la s\u00e9curit\u00e9 de vos informations personnelles. Cette politique de confidentialit\u00e9 explique comment nous recueillons, utilisons, partageons et prot\u00e9geons vos informations lorsque vous visitez notre site web et utilisez nos services, y compris notre formulaire de demande de financement, formulaire de plainte, formulaire de contact, formulaire de candidature et autres formulaires.<\/p><p><strong>1. Les informations que nous collectons<\/strong><\/p><p>Nous recueillons les types d'informations suivants :<\/p><p><strong>a. Informations personnelles :<\/strong><\/p><ul><li>Nom Nom du p\u00e8re<\/li><li>Informations de contact (adresse \u00e9lectronique, num\u00e9ro de t\u00e9l\u00e9phone, adresse professionnelle).<\/li><li>Informations financi\u00e8res (revenus, d\u00e9tails de l'emploi, etc.)<\/li><li>Documents d'identification, informations, etc.<\/li><li>Toute autre information que vous fournissez dans les formulaires concernant votre entreprise.<\/li><\/ul><p><strong>b. Informations non personnelles :<\/strong><\/p><ul><li>Type et version du navigateur<\/li><li>Syst\u00e8me d'exploitation<\/li><li>Site web de r\u00e9f\u00e9rence<\/li><li>Pages visit\u00e9es sur notre site<\/li><li>Date et heure de la visite<\/li><li>Autres informations de navigation<\/li><\/ul><p><strong>2. Comment nous utilisons vos informations<\/strong><\/p><p>Nous utilisons vos informations pour :<\/p><ul><li>Traiter et \u00e9valuer les demandes de financement<\/li><li>R\u00e9pondre aux plaintes et aux demandes de renseignements<\/li><li>Traiter les demandes d'emploi<\/li><li>Am\u00e9liorer notre site web et nos services<\/li><li>communiquer avec vous au sujet de nos produits, services et promotions<\/li><li>Respecter les exigences l\u00e9gales et r\u00e9glementaires<\/li><\/ul><p><strong>3. Partage des informations<\/strong><\/p><p>Nous ne vendons pas, n'\u00e9changeons pas et ne transf\u00e9rons pas vos informations personnelles \u00e0 des tiers, sauf dans les cas d\u00e9crits ci-dessous :<\/p><ul><li><strong>Fournisseurs de services :<\/strong> Nous pouvons partager vos informations avec des prestataires de services tiers qui nous aident \u00e0 exploiter notre site web et \u00e0 mener nos activit\u00e9s.<\/li><li><strong>Conformit\u00e9 juridique :<\/strong> Nous pouvons divulguer vos informations si la loi l'exige ou en r\u00e9ponse \u00e0 des proc\u00e9dures judiciaires.<\/li><li><strong>Protection des droits :<\/strong> Nous pouvons divulguer vos informations pour prot\u00e9ger nos droits, notre vie priv\u00e9e, notre s\u00e9curit\u00e9 ou nos biens, et\/ou ceux de nos affili\u00e9s, de vous ou d'autres personnes.<\/li><\/ul><p><strong>4. S\u00e9curit\u00e9 des donn\u00e9es<\/strong><\/p><p>Nous mettons en \u0153uvre des mesures techniques et organisationnelles appropri\u00e9es pour prot\u00e9ger vos informations personnelles contre l'acc\u00e8s, la divulgation, l'alt\u00e9ration ou la destruction non autoris\u00e9s. Toutefois, aucune transmission par internet n'est totalement s\u00fbre et nous ne pouvons pas garantir une s\u00e9curit\u00e9 absolue.<\/p><p><strong>5. Vos droits<\/strong><\/p><p>Vous disposez des droits suivants concernant vos informations personnelles :<\/p><ul><li><strong>Acc\u00e8s :<\/strong> Vous pouvez demander l'acc\u00e8s aux informations personnelles que nous d\u00e9tenons.<\/li><li><strong>Correction :<\/strong> Vous pouvez nous demander de corriger toute information inexacte ou incompl\u00e8te.<\/li><li><strong>Suppression :<\/strong> Vous pouvez nous demander de supprimer vos informations personnelles.<\/li><li><strong>Restriction :<\/strong> Vous pouvez nous demander de restreindre le traitement de vos informations personnelles.<\/li><li><strong>Objection :<\/strong> Vous pouvez vous opposer au traitement de vos donn\u00e9es personnelles.<\/li><li><strong>Portabilit\u00e9 des donn\u00e9es :<\/strong> Vous pouvez demander une copie de vos donn\u00e9es personnelles dans un format structur\u00e9 et lisible par machine.<\/li><\/ul><p>Pour exercer ces droits, veuillez\u00a0<a href=\"https:\/\/www.oxusaf.org\/fr\/contact\/\">nous contacter<\/a>.<\/p><p><strong>6. Cookies et technologies de suivi<\/strong><\/p><p>Nous utilisons des cookies et des technologies de suivi similaires pour am\u00e9liorer votre exp\u00e9rience sur notre site web. Vous pouvez configurer votre navigateur pour qu'il refuse les cookies ou qu'il vous avertisse lorsque des cookies sont envoy\u00e9s. Cependant, certaines parties de notre site peuvent ne pas fonctionner correctement sans cookies. <a href=\"https:\/\/www.oxusaf.org\/fr\/cookie-policy\/\">Politique en mati\u00e8re de cookies<\/a><\/p><p><strong>7. Liens avec des tiers<\/strong><\/p><p>Notre site web peut contenir des liens vers des sites web de tiers. Nous ne sommes pas responsables des pratiques en mati\u00e8re de protection de la vie priv\u00e9e ou du contenu de ces sites externes. Nous vous encourageons \u00e0 consulter les politiques de confidentialit\u00e9 des sites tiers que vous visitez.<\/p><p><strong>8. Modifications de la pr\u00e9sente politique de protection de la vie priv\u00e9e<\/strong><\/p><p>Nous pouvons mettre \u00e0 jour la pr\u00e9sente politique de confidentialit\u00e9 de temps \u00e0 autre. Nous vous informerons de toute modification en publiant la nouvelle politique de confidentialit\u00e9 sur notre site web. Nous vous conseillons de consulter r\u00e9guli\u00e8rement la pr\u00e9sente politique de confidentialit\u00e9 pour prendre connaissance des \u00e9ventuelles modifications.<\/p><p><strong>9. Nous contacter<\/strong><\/p><p>Si vous avez des questions ou des pr\u00e9occupations concernant la pr\u00e9sente politique de confidentialit\u00e9 ou nos pratiques en mati\u00e8re de donn\u00e9es, veuillez vous adresser \u00e0 <a href=\"https:\/\/www.oxusaf.org\/fr\/contact\/\">nous contacter<\/a>.<\/p><p>\u00a0<\/p>\t\t\t\t\t\t\t\t<\/div>\n\t\t\t\t<\/div>\n\t\t\t\t\t<\/div>\n\t\t\t\t<\/div>\n\t\t\t\t<\/div>","protected":false},"excerpt":{"rendered":"<p>Privacy Policy Effective Date: August, 2024\u00a0 Introduction Welcome to the OXUS Afghanistan website (https:\/\/www.oxusaf.org). OXUS Afghanistan is committed to protecting the privacy and security of your personal information. This Privacy Policy explains how we collect, use, share, and protect your information when you visit our website and use our services, including our financing application form, [&hellip;]<\/p>","protected":false},"author":1,"featured_media":0,"parent":0,"menu_order":0,"comment_status":"closed","ping_status":"closed","template":"","meta":{"_joinchat":[],"footnotes":""},"class_list":["post-7856","page","type-page","status-publish","hentry"],"blocksy_meta":[],"aioseo_notices":[],"_links":{"self":[{"href":"https:\/\/www.oxusaf.org\/fr\/wp-json\/wp\/v2\/pages\/7856","targetHints":{"allow":["GET"]}}],"collection":[{"href":"https:\/\/www.oxusaf.org\/fr\/wp-json\/wp\/v2\/pages"}],"about":[{"href":"https:\/\/www.oxusaf.org\/fr\/wp-json\/wp\/v2\/types\/page"}],"author":[{"embeddable":true,"href":"https:\/\/www.oxusaf.org\/fr\/wp-json\/wp\/v2\/users\/1"}],"replies":[{"embeddable":true,"href":"https:\/\/www.oxusaf.org\/fr\/wp-json\/wp\/v2\/comments?post=7856"}],"version-history":[{"count":0,"href":"https:\/\/www.oxusaf.org\/fr\/wp-json\/wp\/v2\/pages\/7856\/revisions"}],"wp:attachment":[{"href":"https:\/\/www.oxusaf.org\/fr\/wp-json\/wp\/v2\/media?parent=7856"}],"curies":[{"name":"wp","href":"https:\/\/api.w.org\/{rel}","templated":true}]}}