{"id":7848,"date":"2024-08-14T08:48:51","date_gmt":"2024-08-14T04:18:51","guid":{"rendered":"https:\/\/www.oxusaf.org\/?page_id=7848"},"modified":"2024-08-14T08:50:55","modified_gmt":"2024-08-14T04:20:55","slug":"cookie-policy-2","status":"publish","type":"page","link":"https:\/\/www.oxusaf.org\/fr\/cookie-policy-2\/","title":{"rendered":"Politique en mati\u00e8re de cookies"},"content":{"rendered":"<div data-elementor-type=\"wp-page\" data-elementor-id=\"7848\" class=\"elementor elementor-7848\">\n\t\t\t\t<div class=\"has_eae_slider elementor-element elementor-element-14d8c76 e-flex e-con-boxed e-con e-parent\" data-eae-slider=\"84375\" data-id=\"14d8c76\" data-element_type=\"container\" data-e-type=\"container\">\n\t\t\t\t\t<div class=\"e-con-inner\">\n\t\t\t\t<div class=\"elementor-element elementor-element-874b608 elementor-widget elementor-widget-text-editor\" data-id=\"874b608\" data-element_type=\"widget\" data-e-type=\"widget\" data-widget_type=\"text-editor.default\">\n\t\t\t\t<div class=\"elementor-widget-container\">\n\t\t\t\t\t\t\t\t\t<p><strong><span style=\"color: #005837;\">Politique en mati\u00e8re de cookies<\/span><\/strong><\/p><p><strong>Date d'entr\u00e9e en vigueur :\u00a0<\/strong><strong style=\"text-align: var(--text-align); background-color: var(--theme-palette-color-8); color: var(--theme-text-color); font-family: var(--theme-font-family); font-size: var(--theme-font-size); font-style: var(--theme-font-style, inherit); font-variant-ligatures: inherit; font-variant-caps: inherit; letter-spacing: var(--theme-letter-spacing); text-transform: var(--theme-text-transform);\">ao\u00fbt 2024<\/strong><\/p><p><strong>1. Introduction<\/strong><\/p><p class=\"translation-block\">OXUS Afghanistan s'engage \u00e0 prot\u00e9ger votre vie priv\u00e9e. Cette politique de cookies explique comment nous utilisons les cookies et des technologies similaires sur notre site Web https:\/\/www.oxusaf.org. En utilisant notre site Web, vous consentez \u00e0 l'utilisation des cookies conform\u00e9ment \u00e0 cette politique.<\/p><p><strong>2. Que sont les cookies ?<\/strong><\/p><p>Les cookies sont de petits fichiers texte qui sont plac\u00e9s sur votre appareil (ordinateur, smartphone, tablette) lorsque vous visitez un site web. Ils aident le site web \u00e0 reconna\u00eetre votre appareil et \u00e0 stocker des informations sur vos pr\u00e9f\u00e9rences ou vos actions pass\u00e9es.<\/p><p><strong>3. Comment nous utilisons les cookies<\/strong><\/p><p>Nous utilisons des cookies \u00e0 diverses fins, notamment<\/p><ul><li class=\"translation-block\">Ces cookies sont n\u00e9cessaires au fonctionnement de notre site web. Ils vous permettent de naviguer sur le site et d'utiliser ses fonctionnalit\u00e9s.<\/li><li><strong>Cookies de performance :<\/strong> Ces cookies recueillent des informations sur la fa\u00e7on dont vous utilisez notre site web, par exemple les pages que vous visitez le plus souvent. Ces donn\u00e9es nous aident \u00e0 am\u00e9liorer les performances du site web et l'exp\u00e9rience des utilisateurs.<\/li><li class=\"translation-block\"><strong>Cookies de fonctionnalit\u00e9:<\/strong> Ces cookies permettent \u00e0 notre site Web de se souvenir des choix que vous faites, tels que votre nom d'utilisateur ou votre pr\u00e9f\u00e9rence linguistique, et de fournir des fonctions am\u00e9lior\u00e9es et plus personnalis\u00e9es.<\/li><li class=\"translation-block\"><strong>Cookies de ciblage\/publicit\u00e9:<\/strong> Ces cookies sont utilis\u00e9s pour diffuser des publicit\u00e9s pertinentes pour vous et vos centres d'int\u00e9r\u00eat. Ils nous aident \u00e9galement \u00e0 mesurer l'efficacit\u00e9 de nos campagnes publicitaires.<\/li><\/ul><p><strong>4. Cookies de tiers<\/strong><\/p><p>Nous pouvons \u00e9galement utiliser des cookies de tiers fournis par des partenaires de confiance aux fins mentionn\u00e9es ci-dessus. Ces tiers peuvent collecter des informations sur vos activit\u00e9s en ligne au fil du temps et sur diff\u00e9rents sites web.<\/p><p><strong>5. Gestion des cookies<\/strong><\/p><p>Vous avez le droit d'accepter ou de refuser les cookies. La plupart des navigateurs web acceptent automatiquement les cookies, mais vous pouvez g\u00e9n\u00e9ralement modifier les param\u00e8tres de votre navigateur pour refuser les cookies si vous le souhaitez. Sachez que la d\u00e9sactivation des cookies peut affecter la fonctionnalit\u00e9 de notre site web.<\/p><p><strong>6. Votre consentement<\/strong><\/p><p>En continuant \u00e0 utiliser notre site web, vous consentez \u00e0 ce que nous utilisions des cookies comme indiqu\u00e9 dans la pr\u00e9sente politique en mati\u00e8re de cookies. Si vous n'acceptez pas l'utilisation de ces cookies, veuillez les d\u00e9sactiver \u00e0 l'aide des param\u00e8tres de votre navigateur ou vous abstenir d'utiliser notre site web.<\/p><p><strong>7. Modifications de la pr\u00e9sente politique en mati\u00e8re de cookies<\/strong><\/p><p>Nous pouvons mettre \u00e0 jour cette politique en mati\u00e8re de cookies de temps \u00e0 autre pour refl\u00e9ter des changements dans nos pratiques ou pour d'autres raisons op\u00e9rationnelles, juridiques ou r\u00e9glementaires. Nous vous encourageons \u00e0 consulter r\u00e9guli\u00e8rement cette politique.<\/p><p><strong>8. Nous contacter<\/strong><\/p><p>Si vous avez des questions ou des pr\u00e9occupations concernant notre utilisation des cookies ou la pr\u00e9sente politique en mati\u00e8re de cookies, veuillez vous adresser \u00e0 <a href=\"https:\/\/www.oxusaf.org\/fr\/contact\/\">nous contacter<\/a>.<\/p>\t\t\t\t\t\t\t\t<\/div>\n\t\t\t\t<\/div>\n\t\t\t\t\t<\/div>\n\t\t\t\t<\/div>\n\t\t\t\t<\/div>","protected":false},"excerpt":{"rendered":"<p>Cookie Policy Effective Date:\u00a0August, 2024 1. Introduction OXUS Afghanistan is committed to protecting your privacy. This Cookie Policy explains how we use cookies and similar technologies on our website, https:\/\/www.oxusaf.org.\u00a0By using our Website, you consent to the use of cookies in accordance with this policy. 2. What Are Cookies? Cookies are small text files that [&hellip;]<\/p>","protected":false},"author":1,"featured_media":0,"parent":0,"menu_order":0,"comment_status":"closed","ping_status":"closed","template":"","meta":{"_joinchat":[],"footnotes":""},"class_list":["post-7848","page","type-page","status-publish","hentry"],"blocksy_meta":[],"aioseo_notices":[],"_links":{"self":[{"href":"https:\/\/www.oxusaf.org\/fr\/wp-json\/wp\/v2\/pages\/7848","targetHints":{"allow":["GET"]}}],"collection":[{"href":"https:\/\/www.oxusaf.org\/fr\/wp-json\/wp\/v2\/pages"}],"about":[{"href":"https:\/\/www.oxusaf.org\/fr\/wp-json\/wp\/v2\/types\/page"}],"author":[{"embeddable":true,"href":"https:\/\/www.oxusaf.org\/fr\/wp-json\/wp\/v2\/users\/1"}],"replies":[{"embeddable":true,"href":"https:\/\/www.oxusaf.org\/fr\/wp-json\/wp\/v2\/comments?post=7848"}],"version-history":[{"count":0,"href":"https:\/\/www.oxusaf.org\/fr\/wp-json\/wp\/v2\/pages\/7848\/revisions"}],"wp:attachment":[{"href":"https:\/\/www.oxusaf.org\/fr\/wp-json\/wp\/v2\/media?parent=7848"}],"curies":[{"name":"wp","href":"https:\/\/api.w.org\/{rel}","templated":true}]}}