{"id":7837,"date":"2024-08-14T08:46:34","date_gmt":"2024-08-14T04:16:34","guid":{"rendered":"https:\/\/www.oxusaf.org\/?page_id=7837"},"modified":"2024-08-14T08:47:24","modified_gmt":"2024-08-14T04:17:24","slug":"chairman-message-2","status":"publish","type":"page","link":"https:\/\/www.oxusaf.org\/fr\/chairman-message-2\/","title":{"rendered":"Message du Pr\u00e9sident"},"content":{"rendered":"<div data-elementor-type=\"wp-page\" data-elementor-id=\"7837\" class=\"elementor elementor-7837\">\n\t\t\t\t<div class=\"has_eae_slider elementor-element elementor-element-e1b18a6 e-flex e-con-boxed e-con e-parent\" data-eae-slider=\"91096\" data-id=\"e1b18a6\" data-element_type=\"container\" data-e-type=\"container\" data-settings=\"{&quot;background_background&quot;:&quot;classic&quot;}\">\n\t\t\t\t\t<div class=\"e-con-inner\">\n\t\t<div class=\"has_eae_slider elementor-element elementor-element-2fa97d6 e-con-full e-flex e-con e-child\" data-eae-slider=\"67891\" data-id=\"2fa97d6\" data-element_type=\"container\" data-e-type=\"container\" data-settings=\"{&quot;background_background&quot;:&quot;classic&quot;}\">\n\t\t\t\t<div class=\"elementor-element elementor-element-90ca88b elementor-widget elementor-widget-eael-fancy-text\" data-id=\"90ca88b\" data-element_type=\"widget\" data-e-type=\"widget\" data-widget_type=\"eael-fancy-text.default\">\n\t\t\t\t<div class=\"elementor-widget-container\">\n\t\t\t\t\t\n\t<div  class=\"eael-fancy-text-container style-1\" data-fancy-text-id=\"90ca88b\" data-fancy-text=\"|Chairman Message\" data-fancy-text-transition-type=\"typing\" data-fancy-text-speed=\"50\" data-fancy-text-delay=\"2500\" data-fancy-text-cursor=\"\" data-fancy-text-loop=\"\" data-fancy-text-action=\"page_load\" >\n\t\t\n\t\t\n\t\t\t\t\t<span id=\"eael-fancy-text-90ca88b\" class=\"eael-fancy-text-strings\">\n\t\t\t\t<noscript>\n\t\t\t\t\tMessage du Pr\u00e9sident\t\t\t\t<\/noscript>\n\t\t\t<\/span>\n\t\t\n\t\t\t<\/div><!-- close .eael-fancy-text-container -->\n\n\t<div class=\"clearfix\"><\/div>\n\n\t\t\t\t\t<\/div>\n\t\t\t\t<\/div>\n\t\t\t\t<div class=\"elementor-element elementor-element-91e3b25 elementor-widget-divider--view-line elementor-invisible elementor-widget elementor-widget-divider\" data-id=\"91e3b25\" data-element_type=\"widget\" data-e-type=\"widget\" data-settings=\"{&quot;_animation&quot;:&quot;fadeInRight&quot;}\" data-widget_type=\"divider.default\">\n\t\t\t\t<div class=\"elementor-widget-container\">\n\t\t\t\t\t\t\t<div class=\"elementor-divider\">\n\t\t\t<span class=\"elementor-divider-separator\">\n\t\t\t\t\t\t<\/span>\n\t\t<\/div>\n\t\t\t\t\t\t<\/div>\n\t\t\t\t<\/div>\n\t\t\t\t<div class=\"elementor-element elementor-element-501398a elementor-invisible elementor-widget elementor-widget-text-editor\" data-id=\"501398a\" data-element_type=\"widget\" data-e-type=\"widget\" data-settings=\"{&quot;_animation&quot;:&quot;fadeInUp&quot;}\" data-widget_type=\"text-editor.default\">\n\t\t\t\t<div class=\"elementor-widget-container\">\n\t\t\t\t\t\t\t\t\t<p><img fetchpriority=\"high\" decoding=\"async\" class=\"alignleft\" src=\"https:\/\/www.oxusaf.org\/wp-content\/uploads\/2024\/07\/Profile-Male-PNG-Clipart.png\" alt=\"\" width=\"320\" height=\"320\" \/><\/p><p>Bienvenue \u00e0 OXUS Afghanistan,<\/p><p>En tant que pr\u00e9sident d'OXUS Afghanistan, j'ai l'honneur de diriger une organisation qui se consacre \u00e0 l'autonomisation des individus et des communaut\u00e9s par le biais de services financiers accessibles et durables. Notre mission est de favoriser la croissance \u00e9conomique et la stabilit\u00e9 en Afghanistan en fournissant les outils financiers et le soutien qui permettent \u00e0 nos clients de r\u00e9aliser leurs r\u00eaves et d'am\u00e9liorer leur qualit\u00e9 de vie.<\/p><p>Notre parcours a \u00e9t\u00e9 marqu\u00e9 par la r\u00e9silience, l'innovation et un engagement ind\u00e9fectible envers nos clients. Nous avons vu l'impact transformateur de la microfinance sur les petites entreprises, les familles et les communaut\u00e9s. Chaque r\u00e9ussite t\u00e9moigne du travail acharn\u00e9 et de la d\u00e9termination de nos clients, ainsi que du d\u00e9vouement de notre \u00e9quipe.<\/p><p>Chez OXUS Afghanistan, nous \u00e9voluons constamment pour r\u00e9pondre aux besoins changeants de ceux que nous servons. En mettant l'accent sur l'int\u00e9grit\u00e9, la transparence et les solutions centr\u00e9es sur le client, nous restons un partenaire de confiance dans le parcours financier de nos clients. Nous nous engageons \u00e0 fournir des services financiers personnalis\u00e9s et efficaces qui font une r\u00e9elle diff\u00e9rence dans la vie des personnes que nous servons.<\/p><p>En regardant vers l'avenir, nous sommes remplis d'optimisme et d'un sens renouvel\u00e9 de l'objectif. Nos valeurs fondamentales d'empathie, de respect et d'excellence nous guident dans nos efforts pour cr\u00e9er un impact durable. Nous croyons au pouvoir de la collaboration et de la communaut\u00e9, et nous sommes d\u00e9termin\u00e9s \u00e0 construire un avenir plus brillant et plus prosp\u00e8re pour tous.<\/p><p>Nous vous remercions de votre confiance et de votre soutien. Ensemble, nous pouvons r\u00e9aliser de grandes choses et continuer \u00e0 faire \u00e9voluer positivement la situation en Afghanistan.<\/p><p>Chaleureuses salutations,<\/p><p>Fernand PILLONEL<br \/>Pr\u00e9sident, OXUS Afghanistan<\/p>\t\t\t\t\t\t\t\t<\/div>\n\t\t\t\t<\/div>\n\t\t\t\t<\/div>\n\t\t\t\t\t<\/div>\n\t\t\t\t<\/div>\n\t\t\t\t<\/div>","protected":false},"excerpt":{"rendered":"<p>Chairman Message Welcome to OXUS Afghanistan, As the Chairman of OXUS Afghanistan, I am honored to lead an organization dedicated to empowering individuals and communities through accessible and sustainable financial services. Our mission is to foster economic growth and stability in Afghanistan by providing the financial tools and support that enable our clients to achieve [&hellip;]<\/p>","protected":false},"author":1,"featured_media":0,"parent":0,"menu_order":0,"comment_status":"closed","ping_status":"closed","template":"","meta":{"_joinchat":[],"footnotes":""},"class_list":["post-7837","page","type-page","status-publish","hentry"],"blocksy_meta":[],"aioseo_notices":[],"_links":{"self":[{"href":"https:\/\/www.oxusaf.org\/fr\/wp-json\/wp\/v2\/pages\/7837","targetHints":{"allow":["GET"]}}],"collection":[{"href":"https:\/\/www.oxusaf.org\/fr\/wp-json\/wp\/v2\/pages"}],"about":[{"href":"https:\/\/www.oxusaf.org\/fr\/wp-json\/wp\/v2\/types\/page"}],"author":[{"embeddable":true,"href":"https:\/\/www.oxusaf.org\/fr\/wp-json\/wp\/v2\/users\/1"}],"replies":[{"embeddable":true,"href":"https:\/\/www.oxusaf.org\/fr\/wp-json\/wp\/v2\/comments?post=7837"}],"version-history":[{"count":0,"href":"https:\/\/www.oxusaf.org\/fr\/wp-json\/wp\/v2\/pages\/7837\/revisions"}],"wp:attachment":[{"href":"https:\/\/www.oxusaf.org\/fr\/wp-json\/wp\/v2\/media?parent=7837"}],"curies":[{"name":"wp","href":"https:\/\/api.w.org\/{rel}","templated":true}]}}