{"id":7830,"date":"2024-08-14T08:42:22","date_gmt":"2024-08-14T04:12:22","guid":{"rendered":"https:\/\/www.oxusaf.org\/?page_id=7830"},"modified":"2024-08-14T08:43:09","modified_gmt":"2024-08-14T04:13:09","slug":"ceo-message-2","status":"publish","type":"page","link":"https:\/\/www.oxusaf.org\/fr\/ceo-message-2\/","title":{"rendered":"Message du PDG"},"content":{"rendered":"<div data-elementor-type=\"wp-page\" data-elementor-id=\"7830\" class=\"elementor elementor-7830\">\n\t\t\t\t<div class=\"has_eae_slider elementor-element elementor-element-937272b e-flex e-con-boxed e-con e-parent\" data-eae-slider=\"79599\" data-id=\"937272b\" data-element_type=\"container\" data-e-type=\"container\" data-settings=\"{&quot;background_background&quot;:&quot;classic&quot;}\">\n\t\t\t\t\t<div class=\"e-con-inner\">\n\t\t<div class=\"has_eae_slider elementor-element elementor-element-6349421 e-con-full e-flex e-con e-child\" data-eae-slider=\"43705\" data-id=\"6349421\" data-element_type=\"container\" data-e-type=\"container\" data-settings=\"{&quot;background_background&quot;:&quot;classic&quot;}\">\n\t\t\t\t<div class=\"elementor-element elementor-element-b67a7e8 elementor-widget elementor-widget-eael-fancy-text\" data-id=\"b67a7e8\" data-element_type=\"widget\" data-e-type=\"widget\" data-widget_type=\"eael-fancy-text.default\">\n\t\t\t\t<div class=\"elementor-widget-container\">\n\t\t\t\t\t\n\t<div  class=\"eael-fancy-text-container style-1\" data-fancy-text-id=\"b67a7e8\" data-fancy-text=\"|CEO Message\" data-fancy-text-transition-type=\"typing\" data-fancy-text-speed=\"50\" data-fancy-text-delay=\"2500\" data-fancy-text-cursor=\"\" data-fancy-text-loop=\"\" data-fancy-text-action=\"page_load\" >\n\t\t\n\t\t\n\t\t\t\t\t<span id=\"eael-fancy-text-b67a7e8\" class=\"eael-fancy-text-strings\">\n\t\t\t\t<noscript>\n\t\t\t\t\tMessage du PDG\t\t\t\t<\/noscript>\n\t\t\t<\/span>\n\t\t\n\t\t\t<\/div><!-- close .eael-fancy-text-container -->\n\n\t<div class=\"clearfix\"><\/div>\n\n\t\t\t\t\t<\/div>\n\t\t\t\t<\/div>\n\t\t\t\t<div class=\"elementor-element elementor-element-33e571c elementor-widget-divider--view-line elementor-invisible elementor-widget elementor-widget-divider\" data-id=\"33e571c\" data-element_type=\"widget\" data-e-type=\"widget\" data-settings=\"{&quot;_animation&quot;:&quot;fadeInRight&quot;}\" data-widget_type=\"divider.default\">\n\t\t\t\t<div class=\"elementor-widget-container\">\n\t\t\t\t\t\t\t<div class=\"elementor-divider\">\n\t\t\t<span class=\"elementor-divider-separator\">\n\t\t\t\t\t\t<\/span>\n\t\t<\/div>\n\t\t\t\t\t\t<\/div>\n\t\t\t\t<\/div>\n\t\t\t\t<div class=\"elementor-element elementor-element-f75c92e elementor-invisible elementor-widget elementor-widget-text-editor\" data-id=\"f75c92e\" data-element_type=\"widget\" data-e-type=\"widget\" data-settings=\"{&quot;_animation&quot;:&quot;fadeInUp&quot;}\" data-widget_type=\"text-editor.default\">\n\t\t\t\t<div class=\"elementor-widget-container\">\n\t\t\t\t\t\t\t\t\t<p><img fetchpriority=\"high\" decoding=\"async\" class=\"alignleft wp-image-5713\" src=\"https:\/\/www.oxusaf.org\/wp-content\/uploads\/2024\/07\/Profile-Male-PNG-Clipart.png\" alt=\"\" width=\"320\" height=\"320\" \/><\/p><p>Bienvenue \u00e0 OXUS Afghanistan,<\/p><p>Chez OXUS Afghanistan, nous croyons au pouvoir de transformation de l'inclusion financi\u00e8re. Notre mission est d'autonomiser les individus et les communaut\u00e9s en leur donnant acc\u00e8s \u00e0 des services financiers qui favorisent une croissance et un d\u00e9veloppement \u00e9conomiques durables.<\/p><p>Au fil des ans, nous avons \u00e9t\u00e9 t\u00e9moins de l'impact profond que la microfinance peut avoir sur la vie de nos clients. Qu'il s'agisse de soutenir les petites entreprises, de cr\u00e9er des opportunit\u00e9s d'emploi ou d'am\u00e9liorer l'acc\u00e8s \u00e0 l'\u00e9ducation et aux soins de sant\u00e9, nos services sont con\u00e7us pour \u00e9lever et autonomiser ceux que nous servons. Notre engagement n'est pas seulement de fournir des services financiers, mais d'\u00eatre un partenaire de confiance dans le parcours de nos clients vers l'ind\u00e9pendance financi\u00e8re et la prosp\u00e9rit\u00e9.<\/p><p>Dans un monde en constante \u00e9volution, OXUS Afghanistan reste fid\u00e8le \u00e0 son engagement en faveur de l'innovation, de l'int\u00e9grit\u00e9 et de la communaut\u00e9. Nous nous effor\u00e7ons continuellement d'am\u00e9liorer nos services et de nous adapter \u00e0 l'\u00e9volution des besoins de nos clients, en veillant \u00e0 rester une institution financi\u00e8re fiable et tourn\u00e9e vers l'avenir. Notre \u00e9quipe de professionnels d\u00e9vou\u00e9s travaille sans rel\u00e2che pour fournir des solutions financi\u00e8res personnalis\u00e9es et efficaces, et je suis immens\u00e9ment fier de leur engagement in\u00e9branlable envers notre mission.<\/p><p>En regardant vers l'avenir, nous restons optimistes et anim\u00e9s par nos valeurs fondamentales d'empathie, de respect et d'excellence. Nous nous engageons \u00e0 faire une diff\u00e9rence significative dans la vie de nos clients et nous sommes enthousiasm\u00e9s par les opportunit\u00e9s qui s'offrent \u00e0 nous.<\/p><p>Nous vous remercions de votre confiance et de votre soutien constants. Ensemble, nous pouvons construire un avenir meilleur et plus prosp\u00e8re pour tous.<\/p><p>Chaleureuses salutations,<\/p><p>Salim Khan,<br \/>PDG, OXUS Afghanistan<\/p>\t\t\t\t\t\t\t\t<\/div>\n\t\t\t\t<\/div>\n\t\t\t\t<\/div>\n\t\t\t\t\t<\/div>\n\t\t\t\t<\/div>\n\t\t\t\t<\/div>","protected":false},"excerpt":{"rendered":"<p>CEO Message Welcome to OXUS Afghanistan, At OXUS Afghanistan, we believe in the transformative power of financial inclusion. Our mission is to empower individuals and communities by providing access to financial services that foster sustainable economic growth and development. Over the years, we have witnessed the profound impact that microfinance can have on the lives [&hellip;]<\/p>","protected":false},"author":1,"featured_media":0,"parent":0,"menu_order":0,"comment_status":"closed","ping_status":"closed","template":"","meta":{"_joinchat":[],"footnotes":""},"class_list":["post-7830","page","type-page","status-publish","hentry"],"blocksy_meta":[],"aioseo_notices":[],"_links":{"self":[{"href":"https:\/\/www.oxusaf.org\/fr\/wp-json\/wp\/v2\/pages\/7830","targetHints":{"allow":["GET"]}}],"collection":[{"href":"https:\/\/www.oxusaf.org\/fr\/wp-json\/wp\/v2\/pages"}],"about":[{"href":"https:\/\/www.oxusaf.org\/fr\/wp-json\/wp\/v2\/types\/page"}],"author":[{"embeddable":true,"href":"https:\/\/www.oxusaf.org\/fr\/wp-json\/wp\/v2\/users\/1"}],"replies":[{"embeddable":true,"href":"https:\/\/www.oxusaf.org\/fr\/wp-json\/wp\/v2\/comments?post=7830"}],"version-history":[{"count":0,"href":"https:\/\/www.oxusaf.org\/fr\/wp-json\/wp\/v2\/pages\/7830\/revisions"}],"wp:attachment":[{"href":"https:\/\/www.oxusaf.org\/fr\/wp-json\/wp\/v2\/media?parent=7830"}],"curies":[{"name":"wp","href":"https:\/\/api.w.org\/{rel}","templated":true}]}}