{"id":7750,"date":"2024-08-13T22:08:43","date_gmt":"2024-08-13T17:38:43","guid":{"rendered":"https:\/\/www.oxusaf.org\/?page_id=7750"},"modified":"2025-11-16T09:06:58","modified_gmt":"2025-11-16T04:36:58","slug":"ijarah-financing","status":"publish","type":"page","link":"https:\/\/www.oxusaf.org\/fr\/ijarah-financing\/","title":{"rendered":"Financement Ijarah"},"content":{"rendered":"<div data-elementor-type=\"wp-page\" data-elementor-id=\"7750\" class=\"elementor elementor-7750\">\n\t\t\t\t<div class=\"has_eae_slider elementor-element elementor-element-3a48a5b e-flex e-con-boxed e-con e-parent\" data-eae-slider=\"39198\" data-id=\"3a48a5b\" data-element_type=\"container\" data-e-type=\"container\" data-settings=\"{&quot;background_background&quot;:&quot;classic&quot;}\">\n\t\t\t\t\t<div class=\"e-con-inner\">\n\t\t\t\t<div class=\"elementor-element elementor-element-f9b6c81 elementor-widget elementor-widget-text-editor\" data-id=\"f9b6c81\" data-element_type=\"widget\" data-e-type=\"widget\" data-widget_type=\"text-editor.default\">\n\t\t\t\t<div class=\"elementor-widget-container\">\n\t\t\t\t\t\t\t\t\t<h2 style=\"font-style: normal; font-variant-ligatures: normal; font-variant-caps: normal; font-weight: var(--theme-font-weight); font-size: var(--theme-font-size); font-family: -apple-system, BlinkMacSystemFont, 'Segoe UI', Roboto, Helvetica, Arial, sans-serif, 'Apple Color Emoji', 'Segoe UI Emoji', 'Segoe UI Symbol'; color: #192a3d; letter-spacing: normal; text-transform: none; text-decoration-thickness: initial; text-decoration-style: initial; text-decoration-color: initial; --theme-font-weight: 700; --theme-font-style: normal; --theme-font-size: 35px; --theme-line-height: 1.5; text-align: left;\" data-elementor-setting-key=\"title\" data-pen-placeholder=\"Type Here...\"><strong style=\"font-size: 25px; text-align: center; white-space-collapse: collapse; color: #005837;\">Accord de financement Ijarah<\/strong><strong style=\"font-family: inherit; font-size: inherit; font-style: inherit; font-variant-ligatures: inherit; font-variant-caps: inherit; text-align: center; background-color: var( --e-global-color-5e89184 ); letter-spacing: var(--theme-letter-spacing); text-transform: var(--theme-text-transform); color: #005837;\">:<\/strong><\/h2>\t\t\t\t\t\t\t\t<\/div>\n\t\t\t\t<\/div>\n\t\t\t\t\t<\/div>\n\t\t\t\t<\/div>\n\t\t<div class=\"has_eae_slider elementor-element elementor-element-6d2dd42 animated-fast e-flex e-con-boxed elementor-invisible e-con e-parent\" data-eae-slider=\"20714\" data-id=\"6d2dd42\" data-element_type=\"container\" data-e-type=\"container\" data-settings=\"{&quot;animation&quot;:&quot;fadeInUp&quot;}\">\n\t\t\t\t\t<div class=\"e-con-inner\">\n\t\t<div class=\"has_eae_slider elementor-element elementor-element-1969459 e-flex e-con-boxed e-con e-child\" data-eae-slider=\"87788\" data-id=\"1969459\" data-element_type=\"container\" data-e-type=\"container\" data-settings=\"{&quot;background_background&quot;:&quot;classic&quot;,&quot;shape_divider_bottom&quot;:&quot;opacity-tilt&quot;}\">\n\t\t\t\t\t<div class=\"e-con-inner\">\n\t\t\t\t<div class=\"elementor-shape elementor-shape-bottom\" aria-hidden=\"true\" data-negative=\"false\">\n\t\t\t<svg xmlns=\"http:\/\/www.w3.org\/2000\/svg\" viewbox=\"0 0 2600 131.1\" preserveaspectratio=\"none\">\n\t<path class=\"elementor-shape-fill\" d=\"M0 0L2600 0 2600 69.1 0 0z\"\/>\n\t<path class=\"elementor-shape-fill\" style=\"opacity:0.5\" d=\"M0 0L2600 0 2600 69.1 0 69.1z\"\/>\n\t<path class=\"elementor-shape-fill\" style=\"opacity:0.25\" d=\"M2600 0L0 0 0 130.1 2600 69.1z\"\/>\n<\/svg>\t\t<\/div>\n\t\t<div class=\"has_eae_slider elementor-element elementor-element-a691dda e-con-full e-flex e-con e-child\" data-eae-slider=\"37416\" data-id=\"a691dda\" data-element_type=\"container\" data-e-type=\"container\">\n\t\t\t\t<div class=\"elementor-element elementor-element-88aea06 elementor-widget elementor-widget-text-editor\" data-id=\"88aea06\" data-element_type=\"widget\" data-e-type=\"widget\" data-widget_type=\"text-editor.default\">\n\t\t\t\t<div class=\"elementor-widget-container\">\n\t\t\t\t\t\t\t\t\t<p><strong>Caract\u00e9ristiques du produit :<\/strong><\/p>\n<p>Groupe cible : Hommes et femmes d'affaires.<\/p>\n<p>Taille du financement : 5.000 - 500.000 AFN.<\/p>\n<p>Dur\u00e9e du contrat : 6 - 24 mois<\/p>\t\t\t\t\t\t\t\t<\/div>\n\t\t\t\t<\/div>\n\t\t\t\t<div class=\"elementor-element elementor-element-5da012e elementor-invisible elementor-widget elementor-widget-button\" data-id=\"5da012e\" data-element_type=\"widget\" data-e-type=\"widget\" data-settings=\"{&quot;_animation&quot;:&quot;bounceIn&quot;,&quot;_animation_delay&quot;:1000}\" data-widget_type=\"button.default\">\n\t\t\t\t<div class=\"elementor-widget-container\">\n\t\t\t\t\t\t\t\t\t<div class=\"elementor-button-wrapper\">\n\t\t\t\t\t<a class=\"elementor-button elementor-button-link elementor-size-sm\" href=\"https:\/\/www.oxusaf.org\/fr\/apply-for-a-financing\/\">\n\t\t\t\t\t\t<span class=\"elementor-button-content-wrapper\">\n\t\t\t\t\t\t<span class=\"elementor-button-icon\">\n\t\t\t\t<svg aria-hidden=\"true\" class=\"e-font-icon-svg e-fab-wpforms\" viewbox=\"0 0 448 512\" xmlns=\"http:\/\/www.w3.org\/2000\/svg\"><path d=\"M448 75.2v361.7c0 24.3-19 43.2-43.2 43.2H43.2C19.3 480 0 461.4 0 436.8V75.2C0 51.1 18.8 32 43.2 32h361.7c24 0 43.1 18.8 43.1 43.2zm-37.3 361.6V75.2c0-3-2.6-5.8-5.8-5.8h-9.3L285.3 144 224 94.1 162.8 144 52.5 69.3h-9.3c-3.2 0-5.8 2.8-5.8 5.8v361.7c0 3 2.6 5.8 5.8 5.8h361.7c3.2.1 5.8-2.7 5.8-5.8zM150.2 186v37H76.7v-37h73.5zm0 74.4v37.3H76.7v-37.3h73.5zm11.1-147.3l54-43.7H96.8l64.5 43.7zm210 72.9v37h-196v-37h196zm0 74.4v37.3h-196v-37.3h196zm-84.6-147.3l64.5-43.7H232.8l53.9 43.7zM371.3 335v37.3h-99.4V335h99.4z\"><\/path><\/svg>\t\t\t<\/span>\n\t\t\t\t\t\t\t\t\t<span class=\"elementor-button-text\">Postulez maintenant \u2192<\/span>\n\t\t\t\t\t<\/span>\n\t\t\t\t\t<\/a>\n\t\t\t\t<\/div>\n\t\t\t\t\t\t\t\t<\/div>\n\t\t\t\t<\/div>\n\t\t\t\t<\/div>\n\t\t\t\t<div class=\"elementor-element elementor-element-0b7cc3b elementor-widget elementor-widget-text-editor\" data-id=\"0b7cc3b\" data-element_type=\"widget\" data-e-type=\"widget\" data-widget_type=\"text-editor.default\">\n\t\t\t\t<div class=\"elementor-widget-container\">\n\t\t\t\t\t\t\t\t\t<p><img fetchpriority=\"high\" decoding=\"async\" class=\"alignright wp-image-5094\" src=\"https:\/\/www.oxusaf.org\/wp-content\/uploads\/2024\/07\/Ijara-Icon-1.png\" alt=\"\" width=\"370\" height=\"402\" \/><\/p><p><span style=\"color: #005837;\"><strong>A propos du produit :<\/strong><\/span><\/p><p>Le produit mentionn\u00e9 est r\u00e9glement\u00e9 sur la base du contrat Ijarah et comprend tous les types de services qui peuvent \u00eatre plac\u00e9s sous l'\u00e9gide du contrat Ijarah conform\u00e9ment aux principes de la charia islamique.<\/p><p><span style=\"color: #005837;\"><strong>Champ d'application du produit :<\/strong><\/span><\/p><p>Ce produit est compatible avec tous les services couverts par le contrat Ijarah. En fonction de la politique d'OXUS AFG, de la situation \u00e9conomique du pays et des besoins de la soci\u00e9t\u00e9, certains types de services ont \u00e9t\u00e9 d\u00e9crits en d\u00e9tail dans ce produit.<\/p><p><span style=\"color: #005837;\"><strong>Objet :<\/strong><\/span><\/p><ul><li>Transport de marchandises.<\/li><li>Services de r\u00e9paration de v\u00e9hicules et de machines.<\/li><\/ul><div>\u00a0<\/div><div>\u00a0<\/div><div>\u00a0<\/div><div>\u00a0<\/div><div>\u00a0<\/div>\t\t\t\t\t\t\t\t<\/div>\n\t\t\t\t<\/div>\n\t\t\t\t\t<\/div>\n\t\t\t\t<\/div>\n\t\t\t\t\t<\/div>\n\t\t\t\t<\/div>\n\t\t\t\t<\/div>","protected":false},"excerpt":{"rendered":"<p>Ijarah Financing Agreement: Product Features: Target group: Businessmanwomen. Financing size: AFN- 5,000 \u2013 500,000 Duration: 6 &#8211; 24 Months Apply Now \u2192 About the product: The mentioned product is regulated on the basis of the Ijarah contract and includes all types of services that can be placed under the umbrella of the Ijarah contract according [&hellip;]<\/p>","protected":false},"author":1,"featured_media":0,"parent":0,"menu_order":0,"comment_status":"closed","ping_status":"closed","template":"","meta":{"_joinchat":[],"footnotes":""},"class_list":["post-7750","page","type-page","status-publish","hentry"],"blocksy_meta":[],"aioseo_notices":[],"_links":{"self":[{"href":"https:\/\/www.oxusaf.org\/fr\/wp-json\/wp\/v2\/pages\/7750","targetHints":{"allow":["GET"]}}],"collection":[{"href":"https:\/\/www.oxusaf.org\/fr\/wp-json\/wp\/v2\/pages"}],"about":[{"href":"https:\/\/www.oxusaf.org\/fr\/wp-json\/wp\/v2\/types\/page"}],"author":[{"embeddable":true,"href":"https:\/\/www.oxusaf.org\/fr\/wp-json\/wp\/v2\/users\/1"}],"replies":[{"embeddable":true,"href":"https:\/\/www.oxusaf.org\/fr\/wp-json\/wp\/v2\/comments?post=7750"}],"version-history":[{"count":0,"href":"https:\/\/www.oxusaf.org\/fr\/wp-json\/wp\/v2\/pages\/7750\/revisions"}],"wp:attachment":[{"href":"https:\/\/www.oxusaf.org\/fr\/wp-json\/wp\/v2\/media?parent=7750"}],"curies":[{"name":"wp","href":"https:\/\/api.w.org\/{rel}","templated":true}]}}