{"id":7742,"date":"2024-08-13T22:06:20","date_gmt":"2024-08-13T17:36:20","guid":{"rendered":"https:\/\/www.oxusaf.org\/?page_id=7742"},"modified":"2025-10-11T21:07:00","modified_gmt":"2025-10-11T16:37:00","slug":"women-murabaha-group","status":"publish","type":"page","link":"https:\/\/www.oxusaf.org\/fr\/women-murabaha-group\/","title":{"rendered":"Groupe de femmes pour la Mourabaha"},"content":{"rendered":"<div data-elementor-type=\"wp-page\" data-elementor-id=\"7742\" class=\"elementor elementor-7742\">\n\t\t\t\t<div class=\"has_eae_slider elementor-element elementor-element-4fef4b4 e-flex e-con-boxed e-con e-parent\" data-eae-slider=\"64663\" data-id=\"4fef4b4\" data-element_type=\"container\" data-e-type=\"container\">\n\t\t\t\t\t<div class=\"e-con-inner\">\n\t\t\t\t<div class=\"elementor-element elementor-element-c246fee elementor-widget elementor-widget-text-editor\" data-id=\"c246fee\" data-element_type=\"widget\" data-e-type=\"widget\" data-widget_type=\"text-editor.default\">\n\t\t\t\t<div class=\"elementor-widget-container\">\n\t\t\t\t\t\t\t\t\t<p><strong style=\"color: #005837;\">Accord de groupe Murabaha pour les femmes :<\/strong><\/p>\t\t\t\t\t\t\t\t<\/div>\n\t\t\t\t<\/div>\n\t\t\t\t\t<\/div>\n\t\t\t\t<\/div>\n\t\t<div class=\"has_eae_slider elementor-element elementor-element-3501fd5 animated-fast e-flex e-con-boxed elementor-invisible e-con e-parent\" data-eae-slider=\"14197\" data-id=\"3501fd5\" data-element_type=\"container\" data-e-type=\"container\" data-settings=\"{&quot;animation&quot;:&quot;fadeInUp&quot;}\">\n\t\t\t\t\t<div class=\"e-con-inner\">\n\t\t<div class=\"has_eae_slider elementor-element elementor-element-03233db e-flex e-con-boxed e-con e-child\" data-eae-slider=\"6628\" data-id=\"03233db\" data-element_type=\"container\" data-e-type=\"container\" data-settings=\"{&quot;background_background&quot;:&quot;classic&quot;,&quot;shape_divider_bottom&quot;:&quot;opacity-tilt&quot;}\">\n\t\t\t\t\t<div class=\"e-con-inner\">\n\t\t\t\t<div class=\"elementor-shape elementor-shape-bottom\" aria-hidden=\"true\" data-negative=\"false\">\n\t\t\t<svg xmlns=\"http:\/\/www.w3.org\/2000\/svg\" viewbox=\"0 0 2600 131.1\" preserveaspectratio=\"none\">\n\t<path class=\"elementor-shape-fill\" d=\"M0 0L2600 0 2600 69.1 0 0z\"\/>\n\t<path class=\"elementor-shape-fill\" style=\"opacity:0.5\" d=\"M0 0L2600 0 2600 69.1 0 69.1z\"\/>\n\t<path class=\"elementor-shape-fill\" style=\"opacity:0.25\" d=\"M2600 0L0 0 0 130.1 2600 69.1z\"\/>\n<\/svg>\t\t<\/div>\n\t\t<div class=\"has_eae_slider elementor-element elementor-element-9262034 e-con-full e-flex e-con e-child\" data-eae-slider=\"51182\" data-id=\"9262034\" data-element_type=\"container\" data-e-type=\"container\">\n\t\t\t\t<div class=\"elementor-element elementor-element-b6350a4 elementor-widget elementor-widget-text-editor\" data-id=\"b6350a4\" data-element_type=\"widget\" data-e-type=\"widget\" data-widget_type=\"text-editor.default\">\n\t\t\t\t<div class=\"elementor-widget-container\">\n\t\t\t\t\t\t\t\t\t<p><strong>Caract\u00e9ristiques du produit :<\/strong><\/p><p>Groupe cible : Femmes d'affaires.<\/p><p>Taille du financement : 10.000 - 70.000 AFN.<\/p><p>Dur\u00e9e du contrat : 6 - 18 mois<\/p><p>Taille du groupe : 2 - 10 membres<\/p>\t\t\t\t\t\t\t\t<\/div>\n\t\t\t\t<\/div>\n\t\t\t\t<div class=\"elementor-element elementor-element-4a37ded elementor-invisible elementor-widget elementor-widget-button\" data-id=\"4a37ded\" data-element_type=\"widget\" data-e-type=\"widget\" data-settings=\"{&quot;_animation&quot;:&quot;bounceIn&quot;,&quot;_animation_delay&quot;:1000}\" data-widget_type=\"button.default\">\n\t\t\t\t<div class=\"elementor-widget-container\">\n\t\t\t\t\t\t\t\t\t<div class=\"elementor-button-wrapper\">\n\t\t\t\t\t<a class=\"elementor-button elementor-button-link elementor-size-sm\" href=\"https:\/\/www.oxusaf.org\/fr\/apply-for-a-financing\/\">\n\t\t\t\t\t\t<span class=\"elementor-button-content-wrapper\">\n\t\t\t\t\t\t<span class=\"elementor-button-icon\">\n\t\t\t\t<svg aria-hidden=\"true\" class=\"e-font-icon-svg e-fab-wpforms\" viewbox=\"0 0 448 512\" xmlns=\"http:\/\/www.w3.org\/2000\/svg\"><path d=\"M448 75.2v361.7c0 24.3-19 43.2-43.2 43.2H43.2C19.3 480 0 461.4 0 436.8V75.2C0 51.1 18.8 32 43.2 32h361.7c24 0 43.1 18.8 43.1 43.2zm-37.3 361.6V75.2c0-3-2.6-5.8-5.8-5.8h-9.3L285.3 144 224 94.1 162.8 144 52.5 69.3h-9.3c-3.2 0-5.8 2.8-5.8 5.8v361.7c0 3 2.6 5.8 5.8 5.8h361.7c3.2.1 5.8-2.7 5.8-5.8zM150.2 186v37H76.7v-37h73.5zm0 74.4v37.3H76.7v-37.3h73.5zm11.1-147.3l54-43.7H96.8l64.5 43.7zm210 72.9v37h-196v-37h196zm0 74.4v37.3h-196v-37.3h196zm-84.6-147.3l64.5-43.7H232.8l53.9 43.7zM371.3 335v37.3h-99.4V335h99.4z\"><\/path><\/svg>\t\t\t<\/span>\n\t\t\t\t\t\t\t\t\t<span class=\"elementor-button-text\">Postulez maintenant \u2192<\/span>\n\t\t\t\t\t<\/span>\n\t\t\t\t\t<\/a>\n\t\t\t\t<\/div>\n\t\t\t\t\t\t\t\t<\/div>\n\t\t\t\t<\/div>\n\t\t\t\t<\/div>\n\t\t\t\t<div class=\"elementor-element elementor-element-9e1508c elementor-widget elementor-widget-text-editor\" data-id=\"9e1508c\" data-element_type=\"widget\" data-e-type=\"widget\" data-widget_type=\"text-editor.default\">\n\t\t\t\t<div class=\"elementor-widget-container\">\n\t\t\t\t\t\t\t\t\t<p><img fetchpriority=\"high\" decoding=\"async\" class=\"alignright wp-image-5023\" src=\"https:\/\/www.oxusaf.org\/wp-content\/uploads\/2024\/07\/Women-Group.png\" alt=\"\" width=\"370\" height=\"430\" \/>\u00a0\u00a0<\/p><p><span style=\"color: #005837;\"><strong>A propos du produit :<\/strong><\/span><\/p><p>L'accord de groupe Women Murabaha est utilis\u00e9 pour financer des activit\u00e9s g\u00e9n\u00e9ratrices de revenus pour les femmes allant de 10 000 AFN \u00e0 70 000 AFN en plusieurs cycles afin d'augmenter la g\u00e9n\u00e9ration de revenus et la cr\u00e9ation d'actifs pour elle et de soutenir l'entreprise familiale.<\/p><p>La m\u00e9thodologie de financement de groupe d'OXUS Afghanistan est un exemple de la m\u00e9thodologie mondiale de financement de groupe de solidarit\u00e9. Ce mod\u00e8le aide les communaut\u00e9s pauvres \u00e0 \u00e9tablir leurs propres groupes de financement, par l'interm\u00e9diaire desquels les entrepreneurs individuels peuvent obtenir un financement de fonds de roulement sans garantie. Le mod\u00e8le est con\u00e7u pour atteindre les plus pauvres des travailleurs pauvres. La m\u00e9thodologie s'appuie sur les garanties des groupes de solidarit\u00e9, la pression et le soutien des pairs comme principale s\u00e9curit\u00e9 contre les financements.<\/p><p><span style=\"color: #005837;\"><strong>Objet :<\/strong><\/span><\/p><ul><li>Expansion de l'entreprise, activit\u00e9s g\u00e9n\u00e9ratrices de revenus et cr\u00e9ation d'actifs.<\/li><\/ul><div>\u00a0<\/div><div>\u00a0<\/div><div>\u00a0<\/div><div>\u00a0<\/div><div>\u00a0<\/div>\t\t\t\t\t\t\t\t<\/div>\n\t\t\t\t<\/div>\n\t\t\t\t\t<\/div>\n\t\t\t\t<\/div>\n\t\t\t\t\t<\/div>\n\t\t\t\t<\/div>\n\t\t\t\t<\/div>","protected":false},"excerpt":{"rendered":"<p>Women Murabaha Group Agreement: Product Features: Target group: Business women. Financing size: AFN- 10,000 \u2013 70,000 Duration: 6 &#8211; 18 Months Group Size: 2 &#8211; 10 Members Apply Now \u2192 \u00a0\u00a0 About the product: Women Murabaha Group Agreement is used to finance in income generating activities by women ranging from AFN 10,000 to AFN 70,000 [&hellip;]<\/p>","protected":false},"author":1,"featured_media":0,"parent":0,"menu_order":0,"comment_status":"closed","ping_status":"closed","template":"","meta":{"_joinchat":[],"footnotes":""},"class_list":["post-7742","page","type-page","status-publish","hentry"],"blocksy_meta":[],"aioseo_notices":[],"_links":{"self":[{"href":"https:\/\/www.oxusaf.org\/fr\/wp-json\/wp\/v2\/pages\/7742","targetHints":{"allow":["GET"]}}],"collection":[{"href":"https:\/\/www.oxusaf.org\/fr\/wp-json\/wp\/v2\/pages"}],"about":[{"href":"https:\/\/www.oxusaf.org\/fr\/wp-json\/wp\/v2\/types\/page"}],"author":[{"embeddable":true,"href":"https:\/\/www.oxusaf.org\/fr\/wp-json\/wp\/v2\/users\/1"}],"replies":[{"embeddable":true,"href":"https:\/\/www.oxusaf.org\/fr\/wp-json\/wp\/v2\/comments?post=7742"}],"version-history":[{"count":0,"href":"https:\/\/www.oxusaf.org\/fr\/wp-json\/wp\/v2\/pages\/7742\/revisions"}],"wp:attachment":[{"href":"https:\/\/www.oxusaf.org\/fr\/wp-json\/wp\/v2\/media?parent=7742"}],"curies":[{"name":"wp","href":"https:\/\/api.w.org\/{rel}","templated":true}]}}