{"id":7737,"date":"2024-08-13T22:03:52","date_gmt":"2024-08-13T17:33:52","guid":{"rendered":"https:\/\/www.oxusaf.org\/?page_id=7737"},"modified":"2025-10-11T21:20:28","modified_gmt":"2025-10-11T16:50:28","slug":"small-business-murabaha","status":"publish","type":"page","link":"https:\/\/www.oxusaf.org\/fr\/small-business-murabaha\/","title":{"rendered":"Murabaha pour les petites entreprises"},"content":{"rendered":"<div data-elementor-type=\"wp-page\" data-elementor-id=\"7737\" class=\"elementor elementor-7737\">\n\t\t\t\t<div class=\"has_eae_slider elementor-element elementor-element-a6ebfb6 e-flex e-con-boxed e-con e-parent\" data-eae-slider=\"85110\" data-id=\"a6ebfb6\" data-element_type=\"container\" data-e-type=\"container\">\n\t\t\t\t\t<div class=\"e-con-inner\">\n\t\t\t\t<div class=\"elementor-element elementor-element-8076245 elementor-widget elementor-widget-text-editor\" data-id=\"8076245\" data-element_type=\"widget\" data-e-type=\"widget\" data-widget_type=\"text-editor.default\">\n\t\t\t\t<div class=\"elementor-widget-container\">\n\t\t\t\t\t\t\t\t\t<p><strong style=\"color: #005837;\">Accord de Mourabaha pour les petites entreprises :<\/strong><\/p>\t\t\t\t\t\t\t\t<\/div>\n\t\t\t\t<\/div>\n\t\t\t\t\t<\/div>\n\t\t\t\t<\/div>\n\t\t<div class=\"has_eae_slider elementor-element elementor-element-3620719 animated-fast e-flex e-con-boxed elementor-invisible e-con e-parent\" data-eae-slider=\"74201\" data-id=\"3620719\" data-element_type=\"container\" data-e-type=\"container\" data-settings=\"{&quot;animation&quot;:&quot;fadeInUp&quot;}\">\n\t\t\t\t\t<div class=\"e-con-inner\">\n\t\t<div class=\"has_eae_slider elementor-element elementor-element-eec3d38 e-flex e-con-boxed e-con e-child\" data-eae-slider=\"87938\" data-id=\"eec3d38\" data-element_type=\"container\" data-e-type=\"container\" data-settings=\"{&quot;background_background&quot;:&quot;classic&quot;,&quot;shape_divider_bottom&quot;:&quot;opacity-tilt&quot;}\">\n\t\t\t\t\t<div class=\"e-con-inner\">\n\t\t\t\t<div class=\"elementor-shape elementor-shape-bottom\" aria-hidden=\"true\" data-negative=\"false\">\n\t\t\t<svg xmlns=\"http:\/\/www.w3.org\/2000\/svg\" viewbox=\"0 0 2600 131.1\" preserveaspectratio=\"none\">\n\t<path class=\"elementor-shape-fill\" d=\"M0 0L2600 0 2600 69.1 0 0z\"\/>\n\t<path class=\"elementor-shape-fill\" style=\"opacity:0.5\" d=\"M0 0L2600 0 2600 69.1 0 69.1z\"\/>\n\t<path class=\"elementor-shape-fill\" style=\"opacity:0.25\" d=\"M2600 0L0 0 0 130.1 2600 69.1z\"\/>\n<\/svg>\t\t<\/div>\n\t\t<div class=\"has_eae_slider elementor-element elementor-element-bbdc14c e-con-full e-flex e-con e-child\" data-eae-slider=\"20203\" data-id=\"bbdc14c\" data-element_type=\"container\" data-e-type=\"container\">\n\t\t\t\t<div class=\"elementor-element elementor-element-88b92bb elementor-widget elementor-widget-text-editor\" data-id=\"88b92bb\" data-element_type=\"widget\" data-e-type=\"widget\" data-widget_type=\"text-editor.default\">\n\t\t\t\t<div class=\"elementor-widget-container\">\n\t\t\t\t\t\t\t\t\t<p><strong>Caract\u00e9ristiques du produit :<\/strong><\/p>\n<p>Groupe cible : Hommes et femmes d'affaires.<\/p>\n<p>Taille du financement : 10.000 - 500.000 AFN.<\/p>\n<p>Dur\u00e9e du contrat : 6 - 24 mois<\/p>\t\t\t\t\t\t\t\t<\/div>\n\t\t\t\t<\/div>\n\t\t\t\t<div class=\"elementor-element elementor-element-2dbe643 elementor-invisible elementor-widget elementor-widget-button\" data-id=\"2dbe643\" data-element_type=\"widget\" data-e-type=\"widget\" data-settings=\"{&quot;_animation&quot;:&quot;bounceIn&quot;,&quot;_animation_delay&quot;:1000}\" data-widget_type=\"button.default\">\n\t\t\t\t<div class=\"elementor-widget-container\">\n\t\t\t\t\t\t\t\t\t<div class=\"elementor-button-wrapper\">\n\t\t\t\t\t<a class=\"elementor-button elementor-button-link elementor-size-sm\" href=\"https:\/\/www.oxusaf.org\/fr\/apply-for-a-financing\/\">\n\t\t\t\t\t\t<span class=\"elementor-button-content-wrapper\">\n\t\t\t\t\t\t<span class=\"elementor-button-icon\">\n\t\t\t\t<svg aria-hidden=\"true\" class=\"e-font-icon-svg e-fab-wpforms\" viewbox=\"0 0 448 512\" xmlns=\"http:\/\/www.w3.org\/2000\/svg\"><path d=\"M448 75.2v361.7c0 24.3-19 43.2-43.2 43.2H43.2C19.3 480 0 461.4 0 436.8V75.2C0 51.1 18.8 32 43.2 32h361.7c24 0 43.1 18.8 43.1 43.2zm-37.3 361.6V75.2c0-3-2.6-5.8-5.8-5.8h-9.3L285.3 144 224 94.1 162.8 144 52.5 69.3h-9.3c-3.2 0-5.8 2.8-5.8 5.8v361.7c0 3 2.6 5.8 5.8 5.8h361.7c3.2.1 5.8-2.7 5.8-5.8zM150.2 186v37H76.7v-37h73.5zm0 74.4v37.3H76.7v-37.3h73.5zm11.1-147.3l54-43.7H96.8l64.5 43.7zm210 72.9v37h-196v-37h196zm0 74.4v37.3h-196v-37.3h196zm-84.6-147.3l64.5-43.7H232.8l53.9 43.7zM371.3 335v37.3h-99.4V335h99.4z\"><\/path><\/svg>\t\t\t<\/span>\n\t\t\t\t\t\t\t\t\t<span class=\"elementor-button-text\">Postulez maintenant \u2192<\/span>\n\t\t\t\t\t<\/span>\n\t\t\t\t\t<\/a>\n\t\t\t\t<\/div>\n\t\t\t\t\t\t\t\t<\/div>\n\t\t\t\t<\/div>\n\t\t\t\t<\/div>\n\t\t\t\t<div class=\"elementor-element elementor-element-e517568 elementor-widget elementor-widget-text-editor\" data-id=\"e517568\" data-element_type=\"widget\" data-e-type=\"widget\" data-widget_type=\"text-editor.default\">\n\t\t\t\t<div class=\"elementor-widget-container\">\n\t\t\t\t\t\t\t\t\t<p><img fetchpriority=\"high\" decoding=\"async\" class=\"alignright wp-image-7411\" src=\"https:\/\/www.oxusaf.org\/wp-content\/uploads\/2024\/08\/Hikmatullah-KL8-300x225.jpg\" alt=\"\" width=\"371\" height=\"278\" srcset=\"https:\/\/www.oxusaf.org\/wp-content\/uploads\/2024\/08\/Hikmatullah-KL8-300x225.jpg 300w, https:\/\/www.oxusaf.org\/wp-content\/uploads\/2024\/08\/Hikmatullah-KL8-1024x768.jpg 1024w, https:\/\/www.oxusaf.org\/wp-content\/uploads\/2024\/08\/Hikmatullah-KL8-768x576.jpg 768w, https:\/\/www.oxusaf.org\/wp-content\/uploads\/2024\/08\/Hikmatullah-KL8-16x12.jpg 16w, https:\/\/www.oxusaf.org\/wp-content\/uploads\/2024\/08\/Hikmatullah-KL8.jpg 1080w\" sizes=\"(max-width: 371px) 100vw, 371px\" \/>\u00a0<\/p><p><span style=\"color: #005837;\"><strong>A propos du produit :<\/strong><\/span><\/p><p>Le Small Business Murabaha Agreement (SBMA) est un financement islamique, le montant du produit est compris entre 10 000 et 500 000 AFN. Les clients potentiels (hommes\/femmes) qui sont engag\u00e9s dans des activit\u00e9s commerciales, par exemple les propri\u00e9taires d'entreprises, les entreprises individuelles, les entreprises familiales, les partenariats ou les soci\u00e9t\u00e9s constitu\u00e9es, seront \u00e9ligibles pour un financement dans le cadre de ce produit.<\/p><p><span style=\"color: #005837;\"><strong>Objet :<\/strong><\/span><\/p><ul><li>Expansion de l'entreprise, cr\u00e9ation d'actifs, achat d'\u00e9quipements et de mati\u00e8res premi\u00e8res.<\/li><li>La femme cliente peut transf\u00e9rer le financement obtenu aupr\u00e8s d'OXUS Afghanistan aux membres de sa famille en cas de cohabitation.<\/li><\/ul><div>\u00a0<\/div><div>\u00a0<\/div><div>\u00a0<\/div><div>\u00a0<\/div><div>\u00a0<\/div>\t\t\t\t\t\t\t\t<\/div>\n\t\t\t\t<\/div>\n\t\t\t\t\t<\/div>\n\t\t\t\t<\/div>\n\t\t\t\t\t<\/div>\n\t\t\t\t<\/div>\n\t\t\t\t<\/div>","protected":false},"excerpt":{"rendered":"<p>Small Business Murabaha Agreement: Product Features: Target group: Businessmanwomen. Financing size: AFN- 10,000 \u2013 500,000 Duration: 6 &#8211; 24 Months Apply Now \u2192 \u00a0 About the product: The Small Business Murabaha Agreement (SBMA) is an Islamic financing, the product amount size is AFN 10,000 \u2013 500,000, the potential clients (men\/women) who are engaged in business [&hellip;]<\/p>","protected":false},"author":1,"featured_media":0,"parent":0,"menu_order":0,"comment_status":"closed","ping_status":"closed","template":"","meta":{"_joinchat":[],"footnotes":""},"class_list":["post-7737","page","type-page","status-publish","hentry"],"blocksy_meta":[],"aioseo_notices":[],"_links":{"self":[{"href":"https:\/\/www.oxusaf.org\/fr\/wp-json\/wp\/v2\/pages\/7737","targetHints":{"allow":["GET"]}}],"collection":[{"href":"https:\/\/www.oxusaf.org\/fr\/wp-json\/wp\/v2\/pages"}],"about":[{"href":"https:\/\/www.oxusaf.org\/fr\/wp-json\/wp\/v2\/types\/page"}],"author":[{"embeddable":true,"href":"https:\/\/www.oxusaf.org\/fr\/wp-json\/wp\/v2\/users\/1"}],"replies":[{"embeddable":true,"href":"https:\/\/www.oxusaf.org\/fr\/wp-json\/wp\/v2\/comments?post=7737"}],"version-history":[{"count":0,"href":"https:\/\/www.oxusaf.org\/fr\/wp-json\/wp\/v2\/pages\/7737\/revisions"}],"wp:attachment":[{"href":"https:\/\/www.oxusaf.org\/fr\/wp-json\/wp\/v2\/media?parent=7737"}],"curies":[{"name":"wp","href":"https:\/\/api.w.org\/{rel}","templated":true}]}}