{"id":7731,"date":"2024-08-13T22:00:58","date_gmt":"2024-08-13T17:30:58","guid":{"rendered":"https:\/\/www.oxusaf.org\/?page_id=7731"},"modified":"2025-10-11T21:36:21","modified_gmt":"2025-10-11T17:06:21","slug":"salary-murabaha","status":"publish","type":"page","link":"https:\/\/www.oxusaf.org\/fr\/salary-murabaha\/","title":{"rendered":"Salaire Murabaha"},"content":{"rendered":"<div data-elementor-type=\"wp-page\" data-elementor-id=\"7731\" class=\"elementor elementor-7731\">\n\t\t\t\t<div class=\"has_eae_slider elementor-element elementor-element-87cb10d e-flex e-con-boxed e-con e-parent\" data-eae-slider=\"4798\" data-id=\"87cb10d\" data-element_type=\"container\" data-e-type=\"container\" data-settings=\"{&quot;background_background&quot;:&quot;classic&quot;}\">\n\t\t\t\t\t<div class=\"e-con-inner\">\n\t\t\t\t<div class=\"elementor-element elementor-element-548be8f elementor-widget elementor-widget-text-editor\" data-id=\"548be8f\" data-element_type=\"widget\" data-e-type=\"widget\" data-widget_type=\"text-editor.default\">\n\t\t\t\t<div class=\"elementor-widget-container\">\n\t\t\t\t\t\t\t\t\t<h2 class=\"elementor-heading-title elementor-size-default elementor-inline-editing pen\" style=\"font-style: normal; font-variant-ligatures: normal; font-variant-caps: normal; font-weight: var(--theme-font-weight); font-size: var(--theme-font-size); font-family: -apple-system, BlinkMacSystemFont, 'Segoe UI', Roboto, Helvetica, Arial, sans-serif, 'Apple Color Emoji', 'Segoe UI Emoji', 'Segoe UI Symbol'; color: #192a3d; letter-spacing: normal; text-transform: none; text-decoration-thickness: initial; text-decoration-style: initial; text-decoration-color: initial; --theme-font-weight: 700; --theme-font-style: normal; --theme-font-size: 35px; --theme-line-height: 1.5; text-align: center;\" data-elementor-setting-key=\"title\" data-pen-placeholder=\"Type Here...\"><strong style=\"font-size: 25px; text-align: center; white-space-collapse: collapse; color: #005837;\">Accord de Mourabaha salariale :<\/strong><\/h2>\t\t\t\t\t\t\t\t<\/div>\n\t\t\t\t<\/div>\n\t\t\t\t\t<\/div>\n\t\t\t\t<\/div>\n\t\t<div class=\"has_eae_slider elementor-element elementor-element-325a9bb animated-fast e-flex e-con-boxed elementor-invisible e-con e-parent\" data-eae-slider=\"96057\" data-id=\"325a9bb\" data-element_type=\"container\" data-e-type=\"container\" data-settings=\"{&quot;animation&quot;:&quot;fadeInUp&quot;}\">\n\t\t\t\t\t<div class=\"e-con-inner\">\n\t\t<div class=\"has_eae_slider elementor-element elementor-element-5b62a98 e-flex e-con-boxed e-con e-child\" data-eae-slider=\"98416\" data-id=\"5b62a98\" data-element_type=\"container\" data-e-type=\"container\" data-settings=\"{&quot;background_background&quot;:&quot;classic&quot;,&quot;shape_divider_bottom&quot;:&quot;opacity-tilt&quot;}\">\n\t\t\t\t\t<div class=\"e-con-inner\">\n\t\t\t\t<div class=\"elementor-shape elementor-shape-bottom\" aria-hidden=\"true\" data-negative=\"false\">\n\t\t\t<svg xmlns=\"http:\/\/www.w3.org\/2000\/svg\" viewbox=\"0 0 2600 131.1\" preserveaspectratio=\"none\">\n\t<path class=\"elementor-shape-fill\" d=\"M0 0L2600 0 2600 69.1 0 0z\"\/>\n\t<path class=\"elementor-shape-fill\" style=\"opacity:0.5\" d=\"M0 0L2600 0 2600 69.1 0 69.1z\"\/>\n\t<path class=\"elementor-shape-fill\" style=\"opacity:0.25\" d=\"M2600 0L0 0 0 130.1 2600 69.1z\"\/>\n<\/svg>\t\t<\/div>\n\t\t<div class=\"has_eae_slider elementor-element elementor-element-fc18bf2 e-con-full e-flex e-con e-child\" data-eae-slider=\"54970\" data-id=\"fc18bf2\" data-element_type=\"container\" data-e-type=\"container\">\n\t\t\t\t<div class=\"elementor-element elementor-element-7824edb elementor-widget elementor-widget-text-editor\" data-id=\"7824edb\" data-element_type=\"widget\" data-e-type=\"widget\" data-widget_type=\"text-editor.default\">\n\t\t\t\t<div class=\"elementor-widget-container\">\n\t\t\t\t\t\t\t\t\t<p><strong>Caract\u00e9ristiques du produit :<\/strong><\/p>\n<p>Groupe cible : Personnes disposant d'un revenu salarial.<\/p>\n<p>Taille du financement : 10.000 - 1.000.000 AFN.<\/p>\n<p>Dur\u00e9e du contrat : 6 - 24 mois<\/p>\t\t\t\t\t\t\t\t<\/div>\n\t\t\t\t<\/div>\n\t\t\t\t<div class=\"elementor-element elementor-element-0a5f391 elementor-invisible elementor-widget elementor-widget-button\" data-id=\"0a5f391\" data-element_type=\"widget\" data-e-type=\"widget\" data-settings=\"{&quot;_animation&quot;:&quot;bounceIn&quot;,&quot;_animation_delay&quot;:1000}\" data-widget_type=\"button.default\">\n\t\t\t\t<div class=\"elementor-widget-container\">\n\t\t\t\t\t\t\t\t\t<div class=\"elementor-button-wrapper\">\n\t\t\t\t\t<a class=\"elementor-button elementor-button-link elementor-size-sm\" href=\"https:\/\/www.oxusaf.org\/fr\/apply-for-a-financing\/\">\n\t\t\t\t\t\t<span class=\"elementor-button-content-wrapper\">\n\t\t\t\t\t\t<span class=\"elementor-button-icon\">\n\t\t\t\t<svg aria-hidden=\"true\" class=\"e-font-icon-svg e-fab-wpforms\" viewbox=\"0 0 448 512\" xmlns=\"http:\/\/www.w3.org\/2000\/svg\"><path d=\"M448 75.2v361.7c0 24.3-19 43.2-43.2 43.2H43.2C19.3 480 0 461.4 0 436.8V75.2C0 51.1 18.8 32 43.2 32h361.7c24 0 43.1 18.8 43.1 43.2zm-37.3 361.6V75.2c0-3-2.6-5.8-5.8-5.8h-9.3L285.3 144 224 94.1 162.8 144 52.5 69.3h-9.3c-3.2 0-5.8 2.8-5.8 5.8v361.7c0 3 2.6 5.8 5.8 5.8h361.7c3.2.1 5.8-2.7 5.8-5.8zM150.2 186v37H76.7v-37h73.5zm0 74.4v37.3H76.7v-37.3h73.5zm11.1-147.3l54-43.7H96.8l64.5 43.7zm210 72.9v37h-196v-37h196zm0 74.4v37.3h-196v-37.3h196zm-84.6-147.3l64.5-43.7H232.8l53.9 43.7zM371.3 335v37.3h-99.4V335h99.4z\"><\/path><\/svg>\t\t\t<\/span>\n\t\t\t\t\t\t\t\t\t<span class=\"elementor-button-text\">Postulez maintenant \u2192<\/span>\n\t\t\t\t\t<\/span>\n\t\t\t\t\t<\/a>\n\t\t\t\t<\/div>\n\t\t\t\t\t\t\t\t<\/div>\n\t\t\t\t<\/div>\n\t\t\t\t<\/div>\n\t\t\t\t<div class=\"elementor-element elementor-element-077aece elementor-widget elementor-widget-text-editor\" data-id=\"077aece\" data-element_type=\"widget\" data-e-type=\"widget\" data-widget_type=\"text-editor.default\">\n\t\t\t\t<div class=\"elementor-widget-container\">\n\t\t\t\t\t\t\t\t\t<p><img decoding=\"async\" class=\"alignright wp-image-5069\" src=\"https:\/\/www.oxusaf.org\/wp-content\/uploads\/2024\/07\/Manage-money-bro.svg\" alt=\"\" width=\"370\" \/><\/p><p><span style=\"color: #005837;\"><strong>A propos du produit :<\/strong><\/span><\/p><p>Les accords de Mourabaha sur les salaires sont une facilit\u00e9 de financement offerte au personnel des ONG \u00e9ligibles, des entreprises priv\u00e9es, des institutions gouvernementales autonomes ou d'autres institutions gouvernementales qui ont des paiements de salaire ponctuels et r\u00e9guliers \u00e0 des fins d'utilisation domestique et de cr\u00e9ation d'actifs (par exemple, v\u00e9hicule, mobilier, accessoires de maison, logement) ainsi qu'\u00e0 des fins commerciales ou d'affaires. Si le financement est garanti par l'employeur, il n'est pas assorti de s\u00fbret\u00e9s et est garanti par l'employeur et un garant ext\u00e9rieur. Dans le cas o\u00f9 l'employeur ne souhaite pas garantir ou signer un contrat. Ce produit de financement peut \u00eatre accord\u00e9 aux employ\u00e9s des organisations et entreprises sp\u00e9cifiques pour lesquelles OXUS Afghanistan signe un protocole d'accord et un contrat. Le montant du financement varie en fonction du salaire de l'employ\u00e9.<\/p><p><span style=\"color: #005837;\"><strong>Objet :<\/strong><\/span><\/p><ul><li>Pour l'usage du m\u00e9nage et la cr\u00e9ation d'actifs (v\u00e9hicule, mobilier, accessoires de maison et logement).<\/li><\/ul><div>\u00a0<\/div><div>\u00a0<\/div><div>\u00a0<\/div><div>\u00a0<\/div><div>\u00a0<\/div>\t\t\t\t\t\t\t\t<\/div>\n\t\t\t\t<\/div>\n\t\t\t\t\t<\/div>\n\t\t\t\t<\/div>\n\t\t\t\t\t<\/div>\n\t\t\t\t<\/div>\n\t\t\t\t<\/div>","protected":false},"excerpt":{"rendered":"<p>Accord de Mourabaha sur les salaires : Caract\u00e9ristiques du produit : Groupe cible : Personnes disposant d'un revenu salarial. Taille du financement : AFN- 10,000 - 1,000,000 Dur\u00e9e : 6 - 24 mois Demander maintenant \u2192 A propos du produit : Les accords de Mourabaha sur les salaires sont une facilit\u00e9 de financement fournie au personnel des ONG \u00e9ligibles, des entreprises priv\u00e9es, des institutions gouvernementales autonomes ou d'autres institutions gouvernementales qui ont [...]<\/p>","protected":false},"author":1,"featured_media":0,"parent":0,"menu_order":0,"comment_status":"closed","ping_status":"closed","template":"","meta":{"_joinchat":[],"footnotes":""},"class_list":["post-7731","page","type-page","status-publish","hentry"],"blocksy_meta":[],"aioseo_notices":[],"_links":{"self":[{"href":"https:\/\/www.oxusaf.org\/fr\/wp-json\/wp\/v2\/pages\/7731","targetHints":{"allow":["GET"]}}],"collection":[{"href":"https:\/\/www.oxusaf.org\/fr\/wp-json\/wp\/v2\/pages"}],"about":[{"href":"https:\/\/www.oxusaf.org\/fr\/wp-json\/wp\/v2\/types\/page"}],"author":[{"embeddable":true,"href":"https:\/\/www.oxusaf.org\/fr\/wp-json\/wp\/v2\/users\/1"}],"replies":[{"embeddable":true,"href":"https:\/\/www.oxusaf.org\/fr\/wp-json\/wp\/v2\/comments?post=7731"}],"version-history":[{"count":0,"href":"https:\/\/www.oxusaf.org\/fr\/wp-json\/wp\/v2\/pages\/7731\/revisions"}],"wp:attachment":[{"href":"https:\/\/www.oxusaf.org\/fr\/wp-json\/wp\/v2\/media?parent=7731"}],"curies":[{"name":"wp","href":"https:\/\/api.w.org\/{rel}","templated":true}]}}