{"id":7725,"date":"2024-08-13T21:58:12","date_gmt":"2024-08-13T17:28:12","guid":{"rendered":"https:\/\/www.oxusaf.org\/?page_id=7725"},"modified":"2025-10-11T21:46:14","modified_gmt":"2025-10-11T17:16:14","slug":"mobile-business-murabaha","status":"publish","type":"page","link":"https:\/\/www.oxusaf.org\/fr\/mobile-business-murabaha\/","title":{"rendered":"Mobile Business Murabaha"},"content":{"rendered":"<div data-elementor-type=\"wp-page\" data-elementor-id=\"7725\" class=\"elementor elementor-7725\">\n\t\t\t\t<div class=\"has_eae_slider elementor-element elementor-element-fdd7bf0 e-flex e-con-boxed e-con e-parent\" data-eae-slider=\"24088\" data-id=\"fdd7bf0\" data-element_type=\"container\" data-e-type=\"container\" data-settings=\"{&quot;background_background&quot;:&quot;classic&quot;}\">\n\t\t\t\t\t<div class=\"e-con-inner\">\n\t\t\t\t<div class=\"elementor-element elementor-element-dc375cb elementor-widget elementor-widget-text-editor\" data-id=\"dc375cb\" data-element_type=\"widget\" data-e-type=\"widget\" data-widget_type=\"text-editor.default\">\n\t\t\t\t<div class=\"elementor-widget-container\">\n\t\t\t\t\t\t\t\t\t<h2 class=\"elementor-heading-title elementor-size-default elementor-inline-editing pen\" style=\"font-style: normal; font-variant-ligatures: normal; font-variant-caps: normal; font-weight: var(--theme-font-weight); font-size: var(--theme-font-size); font-family: -apple-system, BlinkMacSystemFont, 'Segoe UI', Roboto, Helvetica, Arial, sans-serif, 'Apple Color Emoji', 'Segoe UI Emoji', 'Segoe UI Symbol'; color: #192a3d; letter-spacing: normal; text-transform: none; text-decoration-thickness: initial; text-decoration-style: initial; text-decoration-color: initial; --theme-font-weight: 700; --theme-font-style: normal; --theme-font-size: 35px; --theme-line-height: 1.5; text-align: left;\" data-elementor-setting-key=\"title\" data-pen-placeholder=\"Type Here...\"><strong style=\"font-size: 25px; text-align: center; white-space-collapse: collapse; color: #005837;\">Accord de Mourabaha pour les entreprises mobiles :<\/strong><\/h2>\t\t\t\t\t\t\t\t<\/div>\n\t\t\t\t<\/div>\n\t\t\t\t\t<\/div>\n\t\t\t\t<\/div>\n\t\t<div class=\"has_eae_slider elementor-element elementor-element-64b8ebb animated-fast e-flex e-con-boxed elementor-invisible e-con e-parent\" data-eae-slider=\"78332\" data-id=\"64b8ebb\" data-element_type=\"container\" data-e-type=\"container\" data-settings=\"{&quot;animation&quot;:&quot;fadeInUp&quot;}\">\n\t\t\t\t\t<div class=\"e-con-inner\">\n\t\t<div class=\"has_eae_slider elementor-element elementor-element-daf1fa9 e-flex e-con-boxed e-con e-child\" data-eae-slider=\"5588\" data-id=\"daf1fa9\" data-element_type=\"container\" data-e-type=\"container\" data-settings=\"{&quot;background_background&quot;:&quot;classic&quot;,&quot;shape_divider_bottom&quot;:&quot;opacity-tilt&quot;}\">\n\t\t\t\t\t<div class=\"e-con-inner\">\n\t\t\t\t<div class=\"elementor-shape elementor-shape-bottom\" aria-hidden=\"true\" data-negative=\"false\">\n\t\t\t<svg xmlns=\"http:\/\/www.w3.org\/2000\/svg\" viewbox=\"0 0 2600 131.1\" preserveaspectratio=\"none\">\n\t<path class=\"elementor-shape-fill\" d=\"M0 0L2600 0 2600 69.1 0 0z\"\/>\n\t<path class=\"elementor-shape-fill\" style=\"opacity:0.5\" d=\"M0 0L2600 0 2600 69.1 0 69.1z\"\/>\n\t<path class=\"elementor-shape-fill\" style=\"opacity:0.25\" d=\"M2600 0L0 0 0 130.1 2600 69.1z\"\/>\n<\/svg>\t\t<\/div>\n\t\t<div class=\"has_eae_slider elementor-element elementor-element-ec7d62a e-con-full e-flex e-con e-child\" data-eae-slider=\"32126\" data-id=\"ec7d62a\" data-element_type=\"container\" data-e-type=\"container\">\n\t\t\t\t<div class=\"elementor-element elementor-element-919d214 elementor-widget elementor-widget-text-editor\" data-id=\"919d214\" data-element_type=\"widget\" data-e-type=\"widget\" data-widget_type=\"text-editor.default\">\n\t\t\t\t<div class=\"elementor-widget-container\">\n\t\t\t\t\t\t\t\t\t<p><strong>Caract\u00e9ristiques du produit :<\/strong><\/p>\n<p>Groupe cible : Hommes et femmes d'affaires mobiles.<\/p>\n<p>Taille du financement : 5.000 - 50.000 AFN.<\/p>\n<p>Dur\u00e9e du contrat : 1 - 12 mois<\/p>\t\t\t\t\t\t\t\t<\/div>\n\t\t\t\t<\/div>\n\t\t\t\t<div class=\"elementor-element elementor-element-7af8980 elementor-invisible elementor-widget elementor-widget-button\" data-id=\"7af8980\" data-element_type=\"widget\" data-e-type=\"widget\" data-settings=\"{&quot;_animation&quot;:&quot;bounceIn&quot;,&quot;_animation_delay&quot;:1000}\" data-widget_type=\"button.default\">\n\t\t\t\t<div class=\"elementor-widget-container\">\n\t\t\t\t\t\t\t\t\t<div class=\"elementor-button-wrapper\">\n\t\t\t\t\t<a class=\"elementor-button elementor-button-link elementor-size-sm\" href=\"https:\/\/www.oxusaf.org\/fr\/apply-for-a-financing\/\">\n\t\t\t\t\t\t<span class=\"elementor-button-content-wrapper\">\n\t\t\t\t\t\t<span class=\"elementor-button-icon\">\n\t\t\t\t<svg aria-hidden=\"true\" class=\"e-font-icon-svg e-fab-wpforms\" viewbox=\"0 0 448 512\" xmlns=\"http:\/\/www.w3.org\/2000\/svg\"><path d=\"M448 75.2v361.7c0 24.3-19 43.2-43.2 43.2H43.2C19.3 480 0 461.4 0 436.8V75.2C0 51.1 18.8 32 43.2 32h361.7c24 0 43.1 18.8 43.1 43.2zm-37.3 361.6V75.2c0-3-2.6-5.8-5.8-5.8h-9.3L285.3 144 224 94.1 162.8 144 52.5 69.3h-9.3c-3.2 0-5.8 2.8-5.8 5.8v361.7c0 3 2.6 5.8 5.8 5.8h361.7c3.2.1 5.8-2.7 5.8-5.8zM150.2 186v37H76.7v-37h73.5zm0 74.4v37.3H76.7v-37.3h73.5zm11.1-147.3l54-43.7H96.8l64.5 43.7zm210 72.9v37h-196v-37h196zm0 74.4v37.3h-196v-37.3h196zm-84.6-147.3l64.5-43.7H232.8l53.9 43.7zM371.3 335v37.3h-99.4V335h99.4z\"><\/path><\/svg>\t\t\t<\/span>\n\t\t\t\t\t\t\t\t\t<span class=\"elementor-button-text\">Postulez maintenant \u2192<\/span>\n\t\t\t\t\t<\/span>\n\t\t\t\t\t<\/a>\n\t\t\t\t<\/div>\n\t\t\t\t\t\t\t\t<\/div>\n\t\t\t\t<\/div>\n\t\t\t\t<\/div>\n\t\t\t\t<div class=\"elementor-element elementor-element-0d3da3c elementor-widget elementor-widget-text-editor\" data-id=\"0d3da3c\" data-element_type=\"widget\" data-e-type=\"widget\" data-widget_type=\"text-editor.default\">\n\t\t\t\t<div class=\"elementor-widget-container\">\n\t\t\t\t\t\t\t\t\t<p><img fetchpriority=\"high\" decoding=\"async\" class=\"wp-image-7412 alignright\" src=\"https:\/\/www.oxusaf.org\/wp-content\/uploads\/2024\/08\/KBL-8-CLient-Mohammad-Naeem-300x169.jpg\" alt=\"\" width=\"370\" height=\"208\" srcset=\"https:\/\/www.oxusaf.org\/wp-content\/uploads\/2024\/08\/KBL-8-CLient-Mohammad-Naeem-300x169.jpg 300w, https:\/\/www.oxusaf.org\/wp-content\/uploads\/2024\/08\/KBL-8-CLient-Mohammad-Naeem-768x432.jpg 768w, https:\/\/www.oxusaf.org\/wp-content\/uploads\/2024\/08\/KBL-8-CLient-Mohammad-Naeem-18x10.jpg 18w, https:\/\/www.oxusaf.org\/wp-content\/uploads\/2024\/08\/KBL-8-CLient-Mohammad-Naeem.jpg 1008w\" sizes=\"(max-width: 370px) 100vw, 370px\" \/><\/p><p><span style=\"color: #005837;\"><strong>A propos du produit :<\/strong><\/span><\/p><p>Le groupe cible du Mobile Business Murabaha Agreement (MBMA) est constitu\u00e9 de petites entreprises en Afghanistan, le montant du Mobile Business Murabaha Agreement \u00e9tant compris entre 5 000 et 50 000 AFN.<br \/>Les clients (hommes et femmes) qui exercent une activit\u00e9 commerciale, par exemple les vendeurs de cartes \u00e0 gratter, les marchands ambulants, les propri\u00e9taires de charrettes mobiles sur le march\u00e9 et tous les autres propri\u00e9taires de petites entreprises, peuvent b\u00e9n\u00e9ficier d'un financement au titre de ce produit.<\/p><p><span style=\"color: #005837;\"><strong>Objet :<\/strong><\/span><\/p><ul><li>Fonds de roulement, cr\u00e9ation d'actifs, achat d'\u00e9quipements, augmentation des revenus et expansion de l'entreprise.<\/li><li>La cliente peut transf\u00e9rer le financement obtenu aupr\u00e8s d'OXUS Afghanistan aux membres de sa famille si elle vit sous le m\u00eame toit.<\/li><\/ul><div>\u00a0<\/div><div>\u00a0<\/div><div>\u00a0<\/div><div>\u00a0<\/div>\t\t\t\t\t\t\t\t<\/div>\n\t\t\t\t<\/div>\n\t\t\t\t\t<\/div>\n\t\t\t\t<\/div>\n\t\t\t\t\t<\/div>\n\t\t\t\t<\/div>\n\t\t\t\t<\/div>","protected":false},"excerpt":{"rendered":"<p>Mobile Business Murabaha Agreement: Product Features: Target group:&nbsp;Mobile&nbsp;Businessmanwomen. Financing size: AFN- 5,000 \u2013 50,000 Duration: 1 &#8211; 12 Months Apply Now \u2192 About the product: Target group for Mobile Business Murabaha Agreement (MBMA) are small businesses in Afghanistan, the Mobile business Murabaha Agreement amount size is AFN- 5,000 \u2013 50,000.The Mobile Business Murabaha Agreement Customers [&hellip;]<\/p>","protected":false},"author":1,"featured_media":0,"parent":0,"menu_order":0,"comment_status":"closed","ping_status":"closed","template":"","meta":{"_joinchat":[],"footnotes":""},"class_list":["post-7725","page","type-page","status-publish","hentry"],"blocksy_meta":[],"aioseo_notices":[],"_links":{"self":[{"href":"https:\/\/www.oxusaf.org\/fr\/wp-json\/wp\/v2\/pages\/7725","targetHints":{"allow":["GET"]}}],"collection":[{"href":"https:\/\/www.oxusaf.org\/fr\/wp-json\/wp\/v2\/pages"}],"about":[{"href":"https:\/\/www.oxusaf.org\/fr\/wp-json\/wp\/v2\/types\/page"}],"author":[{"embeddable":true,"href":"https:\/\/www.oxusaf.org\/fr\/wp-json\/wp\/v2\/users\/1"}],"replies":[{"embeddable":true,"href":"https:\/\/www.oxusaf.org\/fr\/wp-json\/wp\/v2\/comments?post=7725"}],"version-history":[{"count":0,"href":"https:\/\/www.oxusaf.org\/fr\/wp-json\/wp\/v2\/pages\/7725\/revisions"}],"wp:attachment":[{"href":"https:\/\/www.oxusaf.org\/fr\/wp-json\/wp\/v2\/media?parent=7725"}],"curies":[{"name":"wp","href":"https:\/\/api.w.org\/{rel}","templated":true}]}}