{"id":7719,"date":"2024-08-13T21:53:50","date_gmt":"2024-08-13T17:23:50","guid":{"rendered":"https:\/\/www.oxusaf.org\/?page_id=7719"},"modified":"2025-10-11T23:52:16","modified_gmt":"2025-10-11T19:22:16","slug":"medium-enterprise-murabaha","status":"publish","type":"page","link":"https:\/\/www.oxusaf.org\/fr\/medium-enterprise-murabaha\/","title":{"rendered":"Moyenne entreprise Murabaha"},"content":{"rendered":"<div data-elementor-type=\"wp-page\" data-elementor-id=\"7719\" class=\"elementor elementor-7719\">\n\t\t\t\t<div class=\"has_eae_slider elementor-element elementor-element-2d07bb5 e-flex e-con-boxed e-con e-parent\" data-eae-slider=\"26235\" data-id=\"2d07bb5\" data-element_type=\"container\" data-e-type=\"container\" data-settings=\"{&quot;background_background&quot;:&quot;classic&quot;}\">\n\t\t\t\t\t<div class=\"e-con-inner\">\n\t\t\t\t<div class=\"elementor-element elementor-element-bd46c24 elementor-widget elementor-widget-text-editor\" data-id=\"bd46c24\" data-element_type=\"widget\" data-e-type=\"widget\" data-widget_type=\"text-editor.default\">\n\t\t\t\t<div class=\"elementor-widget-container\">\n\t\t\t\t\t\t\t\t\t<p><strong style=\"color: #005837;\">Accord de Mourabaha pour les moyennes entreprises :<\/strong><\/p>\t\t\t\t\t\t\t\t<\/div>\n\t\t\t\t<\/div>\n\t\t\t\t\t<\/div>\n\t\t\t\t<\/div>\n\t\t<div class=\"has_eae_slider elementor-element elementor-element-eccdfd7 animated-fast e-flex e-con-boxed elementor-invisible e-con e-parent\" data-eae-slider=\"4602\" data-id=\"eccdfd7\" data-element_type=\"container\" data-e-type=\"container\" data-settings=\"{&quot;animation&quot;:&quot;fadeInUp&quot;}\">\n\t\t\t\t\t<div class=\"e-con-inner\">\n\t\t<div class=\"has_eae_slider elementor-element elementor-element-d4809b3 e-flex e-con-boxed e-con e-child\" data-eae-slider=\"13985\" data-id=\"d4809b3\" data-element_type=\"container\" data-e-type=\"container\" data-settings=\"{&quot;background_background&quot;:&quot;classic&quot;,&quot;shape_divider_bottom&quot;:&quot;opacity-tilt&quot;}\">\n\t\t\t\t\t<div class=\"e-con-inner\">\n\t\t\t\t<div class=\"elementor-shape elementor-shape-bottom\" aria-hidden=\"true\" data-negative=\"false\">\n\t\t\t<svg xmlns=\"http:\/\/www.w3.org\/2000\/svg\" viewbox=\"0 0 2600 131.1\" preserveaspectratio=\"none\">\n\t<path class=\"elementor-shape-fill\" d=\"M0 0L2600 0 2600 69.1 0 0z\"\/>\n\t<path class=\"elementor-shape-fill\" style=\"opacity:0.5\" d=\"M0 0L2600 0 2600 69.1 0 69.1z\"\/>\n\t<path class=\"elementor-shape-fill\" style=\"opacity:0.25\" d=\"M2600 0L0 0 0 130.1 2600 69.1z\"\/>\n<\/svg>\t\t<\/div>\n\t\t<div class=\"has_eae_slider elementor-element elementor-element-35a5961 e-con-full e-flex e-con e-child\" data-eae-slider=\"70455\" data-id=\"35a5961\" data-element_type=\"container\" data-e-type=\"container\">\n\t\t\t\t<div class=\"elementor-element elementor-element-0b69a7d elementor-widget elementor-widget-text-editor\" data-id=\"0b69a7d\" data-element_type=\"widget\" data-e-type=\"widget\" data-widget_type=\"text-editor.default\">\n\t\t\t\t<div class=\"elementor-widget-container\">\n\t\t\t\t\t\t\t\t\t<p><strong>Caract\u00e9ristiques du produit :<\/strong><\/p>\n<p>Groupe cible : Hommes et femmes d'affaires.<\/p>\n<p>Taille du financement : 500.001 - 1.500.000 AFN.<\/p>\n<p>Dur\u00e9e du contrat : 6 - 24 mois<\/p>\t\t\t\t\t\t\t\t<\/div>\n\t\t\t\t<\/div>\n\t\t\t\t<div class=\"elementor-element elementor-element-7127469 elementor-invisible elementor-widget elementor-widget-button\" data-id=\"7127469\" data-element_type=\"widget\" data-e-type=\"widget\" data-settings=\"{&quot;_animation&quot;:&quot;bounceIn&quot;,&quot;_animation_delay&quot;:2000}\" data-widget_type=\"button.default\">\n\t\t\t\t<div class=\"elementor-widget-container\">\n\t\t\t\t\t\t\t\t\t<div class=\"elementor-button-wrapper\">\n\t\t\t\t\t<a class=\"elementor-button elementor-button-link elementor-size-sm\" href=\"https:\/\/www.oxusaf.org\/fr\/apply-for-a-financing\/\">\n\t\t\t\t\t\t<span class=\"elementor-button-content-wrapper\">\n\t\t\t\t\t\t<span class=\"elementor-button-icon\">\n\t\t\t\t<svg aria-hidden=\"true\" class=\"e-font-icon-svg e-fab-wpforms\" viewbox=\"0 0 448 512\" xmlns=\"http:\/\/www.w3.org\/2000\/svg\"><path d=\"M448 75.2v361.7c0 24.3-19 43.2-43.2 43.2H43.2C19.3 480 0 461.4 0 436.8V75.2C0 51.1 18.8 32 43.2 32h361.7c24 0 43.1 18.8 43.1 43.2zm-37.3 361.6V75.2c0-3-2.6-5.8-5.8-5.8h-9.3L285.3 144 224 94.1 162.8 144 52.5 69.3h-9.3c-3.2 0-5.8 2.8-5.8 5.8v361.7c0 3 2.6 5.8 5.8 5.8h361.7c3.2.1 5.8-2.7 5.8-5.8zM150.2 186v37H76.7v-37h73.5zm0 74.4v37.3H76.7v-37.3h73.5zm11.1-147.3l54-43.7H96.8l64.5 43.7zm210 72.9v37h-196v-37h196zm0 74.4v37.3h-196v-37.3h196zm-84.6-147.3l64.5-43.7H232.8l53.9 43.7zM371.3 335v37.3h-99.4V335h99.4z\"><\/path><\/svg>\t\t\t<\/span>\n\t\t\t\t\t\t\t\t\t<span class=\"elementor-button-text\">Postulez maintenant \u2192<\/span>\n\t\t\t\t\t<\/span>\n\t\t\t\t\t<\/a>\n\t\t\t\t<\/div>\n\t\t\t\t\t\t\t\t<\/div>\n\t\t\t\t<\/div>\n\t\t\t\t<\/div>\n\t\t\t\t<div class=\"elementor-element elementor-element-0e7fdae elementor-widget elementor-widget-text-editor\" data-id=\"0e7fdae\" data-element_type=\"widget\" data-e-type=\"widget\" data-widget_type=\"text-editor.default\">\n\t\t\t\t<div class=\"elementor-widget-container\">\n\t\t\t\t\t\t\t\t\t<p><img fetchpriority=\"high\" decoding=\"async\" class=\"alignright wp-image-7648\" src=\"https:\/\/www.oxusaf.org\/wp-content\/uploads\/2024\/08\/Najibullah-CR-1-300x169.jpg\" alt=\"\" width=\"370\" height=\"208\" srcset=\"https:\/\/www.oxusaf.org\/wp-content\/uploads\/2024\/08\/Najibullah-CR-1-300x169.jpg 300w, https:\/\/www.oxusaf.org\/wp-content\/uploads\/2024\/08\/Najibullah-CR-1-1024x576.jpg 1024w, https:\/\/www.oxusaf.org\/wp-content\/uploads\/2024\/08\/Najibullah-CR-1-768x432.jpg 768w, https:\/\/www.oxusaf.org\/wp-content\/uploads\/2024\/08\/Najibullah-CR-1-1536x864.jpg 1536w, https:\/\/www.oxusaf.org\/wp-content\/uploads\/2024\/08\/Najibullah-CR-1-2048x1152.jpg 2048w, https:\/\/www.oxusaf.org\/wp-content\/uploads\/2024\/08\/Najibullah-CR-1-18x10.jpg 18w\" sizes=\"(max-width: 370px) 100vw, 370px\" \/><\/p>\n<p><span style=\"color: #005837;\"><strong>A propos du produit :<\/strong><\/span><\/p>\n<p>L'accord de Mourabaha pour les moyennes entreprises (MEMA) est un service de financement islamique, le produit sera fourni aux clients potentiels (hommes\/femmes) en Afghanistan, allant de 500 001 \u00e0 1 500 000 AFN en plusieurs cycles pour acheter des stocks, des \u00e9quipements, des v\u00e9hicules, des terrains et des b\u00e2timents pour les besoins de l'entreprise. Ce produit est con\u00e7u pour les clients individuels (hommes\/femmes) qui ont des entreprises, ce client potentiel peut demander le financement Murabahah pour augmenter leurs actifs, g\u00e9n\u00e9rer des revenus et l'expansion de l'entreprise.<\/p>\n<p><span style=\"color: #005837;\"><strong>Objet :<\/strong><\/span><\/p>\n<ul>\n<li>Expansion de l'entreprise, activit\u00e9s g\u00e9n\u00e9ratrices de revenus et cr\u00e9ation d'actifs.<\/li>\n<\/ul>\n<div>&nbsp;<\/div>\n<div>&nbsp;<\/div>\n<div>&nbsp;<\/div>\n<div>&nbsp;<\/div>\n<div>&nbsp;<\/div>\t\t\t\t\t\t\t\t<\/div>\n\t\t\t\t<\/div>\n\t\t\t\t\t<\/div>\n\t\t\t\t<\/div>\n\t\t\t\t\t<\/div>\n\t\t\t\t<\/div>\n\t\t\t\t<\/div>","protected":false},"excerpt":{"rendered":"<p>Medium Enterprise Murabaha Agreement: Product Features: Target group: Businessmanwomen. Financing size: AFN- 500,001 \u2013 1,500,000 Duration: 6 &#8211; 24 Months Apply Now \u2192 About the product: The Medium Enterprise Murabaha Agreement MEMA is an Islamic financing services, the product will be provided for potential clients (men\/women) in Afghanistan, ranging from AFN 500,001 \u2013 1,500,000 in [&hellip;]<\/p>","protected":false},"author":1,"featured_media":0,"parent":0,"menu_order":0,"comment_status":"closed","ping_status":"closed","template":"","meta":{"_joinchat":[],"footnotes":""},"class_list":["post-7719","page","type-page","status-publish","hentry"],"blocksy_meta":[],"aioseo_notices":[],"_links":{"self":[{"href":"https:\/\/www.oxusaf.org\/fr\/wp-json\/wp\/v2\/pages\/7719","targetHints":{"allow":["GET"]}}],"collection":[{"href":"https:\/\/www.oxusaf.org\/fr\/wp-json\/wp\/v2\/pages"}],"about":[{"href":"https:\/\/www.oxusaf.org\/fr\/wp-json\/wp\/v2\/types\/page"}],"author":[{"embeddable":true,"href":"https:\/\/www.oxusaf.org\/fr\/wp-json\/wp\/v2\/users\/1"}],"replies":[{"embeddable":true,"href":"https:\/\/www.oxusaf.org\/fr\/wp-json\/wp\/v2\/comments?post=7719"}],"version-history":[{"count":0,"href":"https:\/\/www.oxusaf.org\/fr\/wp-json\/wp\/v2\/pages\/7719\/revisions"}],"wp:attachment":[{"href":"https:\/\/www.oxusaf.org\/fr\/wp-json\/wp\/v2\/media?parent=7719"}],"curies":[{"name":"wp","href":"https:\/\/api.w.org\/{rel}","templated":true}]}}