{"id":7713,"date":"2024-08-13T21:49:58","date_gmt":"2024-08-13T17:19:58","guid":{"rendered":"https:\/\/www.oxusaf.org\/?page_id=7713"},"modified":"2025-11-16T09:04:11","modified_gmt":"2025-11-16T04:34:11","slug":"gold-collateral-murabaha","status":"publish","type":"page","link":"https:\/\/www.oxusaf.org\/fr\/gold-collateral-murabaha\/","title":{"rendered":"Murabaha avec garantie en or"},"content":{"rendered":"<div data-elementor-type=\"wp-page\" data-elementor-id=\"7713\" class=\"elementor elementor-7713\">\n\t\t\t\t<div class=\"has_eae_slider elementor-element elementor-element-942d76b e-flex e-con-boxed e-con e-parent\" data-eae-slider=\"57776\" data-id=\"942d76b\" data-element_type=\"container\" data-e-type=\"container\" data-settings=\"{&quot;background_background&quot;:&quot;classic&quot;}\">\n\t\t\t\t\t<div class=\"e-con-inner\">\n\t\t\t\t<div class=\"elementor-element elementor-element-b8b3ffe elementor-widget elementor-widget-text-editor\" data-id=\"b8b3ffe\" data-element_type=\"widget\" data-e-type=\"widget\" data-widget_type=\"text-editor.default\">\n\t\t\t\t<div class=\"elementor-widget-container\">\n\t\t\t\t\t\t\t\t\t<h2 class=\"elementor-heading-title elementor-size-default elementor-inline-editing pen\" style=\"font-style: normal; font-variant-ligatures: normal; font-variant-caps: normal; font-weight: var(--theme-font-weight); font-size: var(--theme-font-size); font-family: -apple-system, BlinkMacSystemFont, 'Segoe UI', Roboto, Helvetica, Arial, sans-serif, 'Apple Color Emoji', 'Segoe UI Emoji', 'Segoe UI Symbol'; color: #192a3d; letter-spacing: normal; text-transform: none; text-decoration-thickness: initial; text-decoration-style: initial; text-decoration-color: initial; --theme-font-weight: 700; --theme-font-size: 35px; --theme-line-height: 1.5; text-align: left;\" data-elementor-setting-key=\"title\" data-pen-placeholder=\"Type Here...\"><strong style=\"font-size: 25px; text-align: center; white-space-collapse: collapse; color: #005837;\">Accord de Mourabaha sur l'or en garantie :<\/strong><\/h2>\t\t\t\t\t\t\t\t<\/div>\n\t\t\t\t<\/div>\n\t\t\t\t\t<\/div>\n\t\t\t\t<\/div>\n\t\t<div class=\"has_eae_slider elementor-element elementor-element-dd1e3a6 animated-fast e-flex e-con-boxed elementor-invisible e-con e-parent\" data-eae-slider=\"53962\" data-id=\"dd1e3a6\" data-element_type=\"container\" data-e-type=\"container\" data-settings=\"{&quot;animation&quot;:&quot;fadeInUp&quot;}\">\n\t\t\t\t\t<div class=\"e-con-inner\">\n\t\t<div class=\"has_eae_slider elementor-element elementor-element-63936b3 e-flex e-con-boxed e-con e-child\" data-eae-slider=\"1564\" data-id=\"63936b3\" data-element_type=\"container\" data-e-type=\"container\" data-settings=\"{&quot;background_background&quot;:&quot;classic&quot;,&quot;shape_divider_bottom&quot;:&quot;opacity-tilt&quot;}\">\n\t\t\t\t\t<div class=\"e-con-inner\">\n\t\t\t\t<div class=\"elementor-shape elementor-shape-bottom\" aria-hidden=\"true\" data-negative=\"false\">\n\t\t\t<svg xmlns=\"http:\/\/www.w3.org\/2000\/svg\" viewbox=\"0 0 2600 131.1\" preserveaspectratio=\"none\">\n\t<path class=\"elementor-shape-fill\" d=\"M0 0L2600 0 2600 69.1 0 0z\"\/>\n\t<path class=\"elementor-shape-fill\" style=\"opacity:0.5\" d=\"M0 0L2600 0 2600 69.1 0 69.1z\"\/>\n\t<path class=\"elementor-shape-fill\" style=\"opacity:0.25\" d=\"M2600 0L0 0 0 130.1 2600 69.1z\"\/>\n<\/svg>\t\t<\/div>\n\t\t<div class=\"has_eae_slider elementor-element elementor-element-0438857 e-con-full e-flex e-con e-child\" data-eae-slider=\"62819\" data-id=\"0438857\" data-element_type=\"container\" data-e-type=\"container\">\n\t\t\t\t<div class=\"elementor-element elementor-element-7790d82 elementor-widget elementor-widget-text-editor\" data-id=\"7790d82\" data-element_type=\"widget\" data-e-type=\"widget\" data-widget_type=\"text-editor.default\">\n\t\t\t\t<div class=\"elementor-widget-container\">\n\t\t\t\t\t\t\t\t\t<p><strong>Caract\u00e9ristiques du produit :<\/strong><\/p>\n<p>Groupe cible : Hommes et femmes d'affaires.<\/p>\n<p>Taille du financement : 10.000 - 1.500.000 AFN.<\/p>\n<p>Dur\u00e9e du contrat : 6 - 36 mois<\/p>\t\t\t\t\t\t\t\t<\/div>\n\t\t\t\t<\/div>\n\t\t\t\t<div class=\"elementor-element elementor-element-438fd66 elementor-invisible elementor-widget elementor-widget-button\" data-id=\"438fd66\" data-element_type=\"widget\" data-e-type=\"widget\" data-settings=\"{&quot;_animation&quot;:&quot;bounceIn&quot;,&quot;_animation_delay&quot;:1000}\" data-widget_type=\"button.default\">\n\t\t\t\t<div class=\"elementor-widget-container\">\n\t\t\t\t\t\t\t\t\t<div class=\"elementor-button-wrapper\">\n\t\t\t\t\t<a class=\"elementor-button elementor-button-link elementor-size-sm\" href=\"https:\/\/www.oxusaf.org\/fr\/apply-for-a-financing\/\">\n\t\t\t\t\t\t<span class=\"elementor-button-content-wrapper\">\n\t\t\t\t\t\t<span class=\"elementor-button-icon\">\n\t\t\t\t<svg aria-hidden=\"true\" class=\"e-font-icon-svg e-fab-wpforms\" viewbox=\"0 0 448 512\" xmlns=\"http:\/\/www.w3.org\/2000\/svg\"><path d=\"M448 75.2v361.7c0 24.3-19 43.2-43.2 43.2H43.2C19.3 480 0 461.4 0 436.8V75.2C0 51.1 18.8 32 43.2 32h361.7c24 0 43.1 18.8 43.1 43.2zm-37.3 361.6V75.2c0-3-2.6-5.8-5.8-5.8h-9.3L285.3 144 224 94.1 162.8 144 52.5 69.3h-9.3c-3.2 0-5.8 2.8-5.8 5.8v361.7c0 3 2.6 5.8 5.8 5.8h361.7c3.2.1 5.8-2.7 5.8-5.8zM150.2 186v37H76.7v-37h73.5zm0 74.4v37.3H76.7v-37.3h73.5zm11.1-147.3l54-43.7H96.8l64.5 43.7zm210 72.9v37h-196v-37h196zm0 74.4v37.3h-196v-37.3h196zm-84.6-147.3l64.5-43.7H232.8l53.9 43.7zM371.3 335v37.3h-99.4V335h99.4z\"><\/path><\/svg>\t\t\t<\/span>\n\t\t\t\t\t\t\t\t\t<span class=\"elementor-button-text\">Postulez maintenant \u2192<\/span>\n\t\t\t\t\t<\/span>\n\t\t\t\t\t<\/a>\n\t\t\t\t<\/div>\n\t\t\t\t\t\t\t\t<\/div>\n\t\t\t\t<\/div>\n\t\t\t\t<\/div>\n\t\t\t\t<div class=\"elementor-element elementor-element-30cdce0 elementor-widget elementor-widget-text-editor\" data-id=\"30cdce0\" data-element_type=\"widget\" data-e-type=\"widget\" data-widget_type=\"text-editor.default\">\n\t\t\t\t<div class=\"elementor-widget-container\">\n\t\t\t\t\t\t\t\t\t<p><img fetchpriority=\"high\" decoding=\"async\" class=\"alignright wp-image-4975\" src=\"https:\/\/www.oxusaf.org\/wp-content\/uploads\/2024\/07\/coin-clipart-sack-money-4.png\" alt=\"\" width=\"370\" height=\"373\" \/><\/p><p><span style=\"color: #005837;\"><strong>A propos du produit :<\/strong><\/span><\/p><p>En Afghanistan, les femmes et les hommes \u00e9conomisent en achetant et en conservant de l'or. Parfois, ils doivent vendre leur or sur le march\u00e9 \u00e0 la valeur forc\u00e9e, afin de r\u00e9pondre aux besoins de leur entreprise. Dans ce cas, l'OAF a con\u00e7u le produit Gold Collateral Murabaha Agreement (GCMA) pour r\u00e9pondre \u00e0 ce probl\u00e8me en fournissant les besoins financiers n\u00e9cessaires au d\u00e9veloppement de leur entreprise et \u00e0 la cr\u00e9ation d'actifs. .<br \/>L'or peut \u00eatre remis \u00e0 l'OAF comme garantie pour le financement de la GCMA et sera restitu\u00e9 apr\u00e8s le remboursement du montant financ\u00e9 par la Mourabaha. L'or peut \u00eatre utilis\u00e9 pour plusieurs financements Murabaha en fonction de la valeur de l'or. La valeur de l'or ne doit pas d\u00e9passer 100% du montant du financement.<br \/>Les fonctionnaires, les ONG et tout autre secteur priv\u00e9 pourront b\u00e9n\u00e9ficier du financement \u00e0 condition de fournir l'or n\u00e9cessaire \u00e0 l'achat des actifs requis.<\/p><p><span style=\"color: #005837;\"><strong>Objet :<\/strong><\/span><\/p><ul><li>Cr\u00e9ation d'actifs, expansion des activit\u00e9s et g\u00e9n\u00e9ration de revenus.<\/li><li>La cliente peut transf\u00e9rer le financement obtenu aupr\u00e8s d'OXUS Afghanistan aux membres de sa famille si elle vit sous le m\u00eame toit.<\/li><\/ul><div>\u00a0<\/div><div>\u00a0<\/div><div>\u00a0<\/div><div>\u00a0<\/div><div>\u00a0<\/div>\t\t\t\t\t\t\t\t<\/div>\n\t\t\t\t<\/div>\n\t\t\t\t\t<\/div>\n\t\t\t\t<\/div>\n\t\t\t\t\t<\/div>\n\t\t\t\t<\/div>\n\t\t\t\t<\/div>","protected":false},"excerpt":{"rendered":"<p>Gold Collateral Murabaha Agreement: Product Features: Target group: Businessmanwomen. Financing size: AFN- 10,000 \u2013 1,500,000 Duration: 6 &#8211; 36 Months Apply Now \u2192 About the product: In Afghanistan women and male make their saving through ongoing purchase and keeping of gold, sometimes they need to sale their golds in the market by force value, in [&hellip;]<\/p>","protected":false},"author":1,"featured_media":0,"parent":0,"menu_order":0,"comment_status":"closed","ping_status":"closed","template":"","meta":{"_joinchat":[],"footnotes":""},"class_list":["post-7713","page","type-page","status-publish","hentry"],"blocksy_meta":[],"aioseo_notices":[],"_links":{"self":[{"href":"https:\/\/www.oxusaf.org\/fr\/wp-json\/wp\/v2\/pages\/7713","targetHints":{"allow":["GET"]}}],"collection":[{"href":"https:\/\/www.oxusaf.org\/fr\/wp-json\/wp\/v2\/pages"}],"about":[{"href":"https:\/\/www.oxusaf.org\/fr\/wp-json\/wp\/v2\/types\/page"}],"author":[{"embeddable":true,"href":"https:\/\/www.oxusaf.org\/fr\/wp-json\/wp\/v2\/users\/1"}],"replies":[{"embeddable":true,"href":"https:\/\/www.oxusaf.org\/fr\/wp-json\/wp\/v2\/comments?post=7713"}],"version-history":[{"count":0,"href":"https:\/\/www.oxusaf.org\/fr\/wp-json\/wp\/v2\/pages\/7713\/revisions"}],"wp:attachment":[{"href":"https:\/\/www.oxusaf.org\/fr\/wp-json\/wp\/v2\/media?parent=7713"}],"curies":[{"name":"wp","href":"https:\/\/api.w.org\/{rel}","templated":true}]}}