{"id":7706,"date":"2024-08-13T21:44:44","date_gmt":"2024-08-13T17:14:44","guid":{"rendered":"https:\/\/www.oxusaf.org\/?page_id=7706"},"modified":"2025-11-16T09:01:20","modified_gmt":"2025-11-16T04:31:20","slug":"agriculture-livestock-murabaha-2","status":"publish","type":"page","link":"https:\/\/www.oxusaf.org\/fr\/agriculture-livestock-murabaha-2\/","title":{"rendered":"Agriculture\/B\u00e9tail Murabaha"},"content":{"rendered":"<div data-elementor-type=\"wp-page\" data-elementor-id=\"7706\" class=\"elementor elementor-7706\">\n\t\t\t\t<div class=\"has_eae_slider elementor-element elementor-element-d03ffd3 e-flex e-con-boxed e-con e-parent\" data-eae-slider=\"84297\" data-id=\"d03ffd3\" data-element_type=\"container\" data-e-type=\"container\" data-settings=\"{&quot;background_background&quot;:&quot;classic&quot;}\">\n\t\t\t\t\t<div class=\"e-con-inner\">\n\t\t\t\t<div class=\"elementor-element elementor-element-e54e9a2 elementor-widget elementor-widget-text-editor\" data-id=\"e54e9a2\" data-element_type=\"widget\" data-e-type=\"widget\" data-widget_type=\"text-editor.default\">\n\t\t\t\t<div class=\"elementor-widget-container\">\n\t\t\t\t\t\t\t\t\t<h2 class=\"elementor-heading-title elementor-size-default elementor-inline-editing pen\" style=\"font-style: normal; font-variant-ligatures: normal; font-variant-caps: normal; font-weight: var(--theme-font-weight); font-size: var(--theme-font-size); font-family: -apple-system, BlinkMacSystemFont, 'Segoe UI', Roboto, Helvetica, Arial, sans-serif, 'Apple Color Emoji', 'Segoe UI Emoji', 'Segoe UI Symbol'; color: #192a3d; letter-spacing: normal; text-transform: none; text-decoration-thickness: initial; text-decoration-style: initial; text-decoration-color: initial; --theme-font-weight: 700; --theme-font-size: 35px; --theme-line-height: 1.5; text-align: left;\" data-elementor-setting-key=\"title\" data-pen-placeholder=\"Type Here...\"><strong style=\"font-size: 25px; text-align: center; white-space-collapse: collapse; color: #005837;\">Accord de Mourabaha pour l'agriculture et l'\u00e9levage :<\/strong><\/h2>\t\t\t\t\t\t\t\t<\/div>\n\t\t\t\t<\/div>\n\t\t\t\t\t<\/div>\n\t\t\t\t<\/div>\n\t\t<div class=\"has_eae_slider elementor-element elementor-element-5edc132 animated-fast e-flex e-con-boxed elementor-invisible e-con e-parent\" data-eae-slider=\"11050\" data-id=\"5edc132\" data-element_type=\"container\" data-e-type=\"container\" data-settings=\"{&quot;animation&quot;:&quot;fadeInUp&quot;}\">\n\t\t\t\t\t<div class=\"e-con-inner\">\n\t\t<div class=\"has_eae_slider elementor-element elementor-element-e88c758 e-flex e-con-boxed e-con e-child\" data-eae-slider=\"16844\" data-id=\"e88c758\" data-element_type=\"container\" data-e-type=\"container\" data-settings=\"{&quot;background_background&quot;:&quot;classic&quot;,&quot;shape_divider_bottom&quot;:&quot;opacity-tilt&quot;}\">\n\t\t\t\t\t<div class=\"e-con-inner\">\n\t\t\t\t<div class=\"elementor-shape elementor-shape-bottom\" aria-hidden=\"true\" data-negative=\"false\">\n\t\t\t<svg xmlns=\"http:\/\/www.w3.org\/2000\/svg\" viewbox=\"0 0 2600 131.1\" preserveaspectratio=\"none\">\n\t<path class=\"elementor-shape-fill\" d=\"M0 0L2600 0 2600 69.1 0 0z\"\/>\n\t<path class=\"elementor-shape-fill\" style=\"opacity:0.5\" d=\"M0 0L2600 0 2600 69.1 0 69.1z\"\/>\n\t<path class=\"elementor-shape-fill\" style=\"opacity:0.25\" d=\"M2600 0L0 0 0 130.1 2600 69.1z\"\/>\n<\/svg>\t\t<\/div>\n\t\t<div class=\"has_eae_slider elementor-element elementor-element-acfd7e3 e-con-full e-flex e-con e-child\" data-eae-slider=\"68001\" data-id=\"acfd7e3\" data-element_type=\"container\" data-e-type=\"container\">\n\t\t\t\t<div class=\"elementor-element elementor-element-3e6d38f elementor-widget elementor-widget-text-editor\" data-id=\"3e6d38f\" data-element_type=\"widget\" data-e-type=\"widget\" data-widget_type=\"text-editor.default\">\n\t\t\t\t<div class=\"elementor-widget-container\">\n\t\t\t\t\t\t\t\t\t<p><strong>Caract\u00e9ristiques du produit :<\/strong><\/p>\n<p>Groupe cible : Agriculteurs et femmes d'affaires.<\/p>\n<p>Taille du financement : 10.000 - 1.500.000 AFN.<\/p>\n<p>Dur\u00e9e du contrat : 6 - 24 mois<\/p>\t\t\t\t\t\t\t\t<\/div>\n\t\t\t\t<\/div>\n\t\t\t\t<div class=\"elementor-element elementor-element-6fb79bf elementor-invisible elementor-widget elementor-widget-button\" data-id=\"6fb79bf\" data-element_type=\"widget\" data-e-type=\"widget\" data-settings=\"{&quot;_animation&quot;:&quot;bounceIn&quot;,&quot;_animation_delay&quot;:1000}\" data-widget_type=\"button.default\">\n\t\t\t\t<div class=\"elementor-widget-container\">\n\t\t\t\t\t\t\t\t\t<div class=\"elementor-button-wrapper\">\n\t\t\t\t\t<a class=\"elementor-button elementor-button-link elementor-size-sm\" href=\"https:\/\/www.oxusaf.org\/fr\/apply-for-a-financing\/\">\n\t\t\t\t\t\t<span class=\"elementor-button-content-wrapper\">\n\t\t\t\t\t\t<span class=\"elementor-button-icon\">\n\t\t\t\t<svg aria-hidden=\"true\" class=\"e-font-icon-svg e-fab-wpforms\" viewbox=\"0 0 448 512\" xmlns=\"http:\/\/www.w3.org\/2000\/svg\"><path d=\"M448 75.2v361.7c0 24.3-19 43.2-43.2 43.2H43.2C19.3 480 0 461.4 0 436.8V75.2C0 51.1 18.8 32 43.2 32h361.7c24 0 43.1 18.8 43.1 43.2zm-37.3 361.6V75.2c0-3-2.6-5.8-5.8-5.8h-9.3L285.3 144 224 94.1 162.8 144 52.5 69.3h-9.3c-3.2 0-5.8 2.8-5.8 5.8v361.7c0 3 2.6 5.8 5.8 5.8h361.7c3.2.1 5.8-2.7 5.8-5.8zM150.2 186v37H76.7v-37h73.5zm0 74.4v37.3H76.7v-37.3h73.5zm11.1-147.3l54-43.7H96.8l64.5 43.7zm210 72.9v37h-196v-37h196zm0 74.4v37.3h-196v-37.3h196zm-84.6-147.3l64.5-43.7H232.8l53.9 43.7zM371.3 335v37.3h-99.4V335h99.4z\"><\/path><\/svg>\t\t\t<\/span>\n\t\t\t\t\t\t\t\t\t<span class=\"elementor-button-text\">Postulez maintenant \u2192<\/span>\n\t\t\t\t\t<\/span>\n\t\t\t\t\t<\/a>\n\t\t\t\t<\/div>\n\t\t\t\t\t\t\t\t<\/div>\n\t\t\t\t<\/div>\n\t\t\t\t<\/div>\n\t\t\t\t<div class=\"elementor-element elementor-element-9e31039 elementor-widget elementor-widget-text-editor\" data-id=\"9e31039\" data-element_type=\"widget\" data-e-type=\"widget\" data-widget_type=\"text-editor.default\">\n\t\t\t\t<div class=\"elementor-widget-container\">\n\t\t\t\t\t\t\t\t\t<p><img fetchpriority=\"high\" decoding=\"async\" class=\"alignright wp-image-7652\" src=\"https:\/\/www.oxusaf.org\/wp-content\/uploads\/2024\/08\/Mohammad-Sulaiman-BN1-1-1-300x135.jpg\" alt=\"\" width=\"375\" height=\"169\" srcset=\"https:\/\/www.oxusaf.org\/wp-content\/uploads\/2024\/08\/Mohammad-Sulaiman-BN1-1-1-300x135.jpg 300w, https:\/\/www.oxusaf.org\/wp-content\/uploads\/2024\/08\/Mohammad-Sulaiman-BN1-1-1-1024x461.jpg 1024w, https:\/\/www.oxusaf.org\/wp-content\/uploads\/2024\/08\/Mohammad-Sulaiman-BN1-1-1-768x346.jpg 768w, https:\/\/www.oxusaf.org\/wp-content\/uploads\/2024\/08\/Mohammad-Sulaiman-BN1-1-1-1536x691.jpg 1536w, https:\/\/www.oxusaf.org\/wp-content\/uploads\/2024\/08\/Mohammad-Sulaiman-BN1-1-1-2048x922.jpg 2048w, https:\/\/www.oxusaf.org\/wp-content\/uploads\/2024\/08\/Mohammad-Sulaiman-BN1-1-1-18x8.jpg 18w\" sizes=\"(max-width: 375px) 100vw, 375px\" \/><\/p><p><span style=\"color: #005837;\"><strong>A propos du produit :<\/strong><\/span><\/p><p>Agriculture et cha\u00eene de valeur comme les activit\u00e9s d'horticulture et d'\u00e9levage avec d\u00e9lai de gr\u00e2ce. Activit\u00e9s agricoles, horticoles et d'\u00e9levage pour l'achat de semences, d'engrais, de m\u00e9dicaments, l'am\u00e9lioration des terres, l'am\u00e9lioration de l'irrigation, la collecte des r\u00e9coltes, les processus, l'achat d'animaux, d'aliments pour animaux, l'\u00e9levage, l'engraissement, l'h\u00e9bergement des animaux.<\/p><p><span style=\"color: #005837;\"><strong>Objet :<\/strong><\/span><\/p><ul><li>Les agriculteurs, hommes et femmes, et les personnes engag\u00e9es dans l'agriculture et la cha\u00eene de valeur ; les clients vivant dans les zones rurales et urbaines engag\u00e9s dans des activit\u00e9s d'agriculture, d'horticulture et d'\u00e9levage sont \u00e9ligibles pour recevoir ce service de financement.<\/li><li>La cliente peut transf\u00e9rer le financement obtenu aupr\u00e8s d'OXUS Afghanistan aux membres de sa famille si elle vit sous le m\u00eame toit.<\/li><\/ul><div>\u00a0<\/div><div>\u00a0<\/div><div>\u00a0<\/div><div>\u00a0<\/div><div>\u00a0<\/div>\t\t\t\t\t\t\t\t<\/div>\n\t\t\t\t<\/div>\n\t\t\t\t\t<\/div>\n\t\t\t\t<\/div>\n\t\t\t\t\t<\/div>\n\t\t\t\t<\/div>\n\t\t\t\t<\/div>","protected":false},"excerpt":{"rendered":"<p>Agriculture\/Livestock Murabaha Agreement: Product Features: Target group: Agriculture Businessmanwomen. Financing size: AFN- 10,000 \u2013 1,500,000 Duration: 6 &#8211; 24 Months Apply Now \u2192 About the product: Agriculture and value chain like, horticulture and livestock activities with grace period. Agriculture, horticulture and livestock activities to purchase seeds, fertilizer, medicines, land improvement, water irrigation improvement, crops collection, [&hellip;]<\/p>","protected":false},"author":1,"featured_media":0,"parent":0,"menu_order":0,"comment_status":"closed","ping_status":"closed","template":"","meta":{"_joinchat":[],"footnotes":""},"class_list":["post-7706","page","type-page","status-publish","hentry"],"blocksy_meta":[],"aioseo_notices":[],"_links":{"self":[{"href":"https:\/\/www.oxusaf.org\/fr\/wp-json\/wp\/v2\/pages\/7706","targetHints":{"allow":["GET"]}}],"collection":[{"href":"https:\/\/www.oxusaf.org\/fr\/wp-json\/wp\/v2\/pages"}],"about":[{"href":"https:\/\/www.oxusaf.org\/fr\/wp-json\/wp\/v2\/types\/page"}],"author":[{"embeddable":true,"href":"https:\/\/www.oxusaf.org\/fr\/wp-json\/wp\/v2\/users\/1"}],"replies":[{"embeddable":true,"href":"https:\/\/www.oxusaf.org\/fr\/wp-json\/wp\/v2\/comments?post=7706"}],"version-history":[{"count":0,"href":"https:\/\/www.oxusaf.org\/fr\/wp-json\/wp\/v2\/pages\/7706\/revisions"}],"wp:attachment":[{"href":"https:\/\/www.oxusaf.org\/fr\/wp-json\/wp\/v2\/media?parent=7706"}],"curies":[{"name":"wp","href":"https:\/\/api.w.org\/{rel}","templated":true}]}}